{"id":7670,"date":"2020-03-27T15:19:54","date_gmt":"2020-03-27T14:19:54","guid":{"rendered":"https:\/\/www.giplegal.pl\/?page_id=7670"},"modified":"2025-10-17T16:49:57","modified_gmt":"2025-10-17T14:49:57","slug":"tomasz-gromek","status":"publish","type":"page","link":"https:\/\/www.giplegal.pl\/en\/tomasz-gromek\/","title":{"rendered":"Tomasz Gromek\u00a0"},"content":{"rendered":"[vc_row type=&#8221;full_width_background&#8221; full_screen_row_position=&#8221;middle&#8221; column_margin=&#8221;default&#8221; equal_height=&#8221;yes&#8221; content_placement=&#8221;middle&#8221; column_direction=&#8221;default&#8221; column_direction_tablet=&#8221;default&#8221; column_direction_phone=&#8221;default&#8221; bg_color=&#8221;#ffffff&#8221; scene_position=&#8221;center&#8221; top_padding=&#8221;5%&#8221; text_color=&#8221;dark&#8221; text_align=&#8221;left&#8221; row_border_radius=&#8221;none&#8221; row_border_radius_applies=&#8221;bg&#8221; overflow=&#8221;visible&#8221; overlay_strength=&#8221;0.3&#8243; gradient_direction=&#8221;left_to_right&#8221; shape_divider_position=&#8221;bottom&#8221; bg_image_animation=&#8221;none&#8221;][vc_column column_padding=&#8221;no-extra-padding&#8221; column_padding_tablet=&#8221;inherit&#8221; column_padding_phone=&#8221;inherit&#8221; column_padding_position=&#8221;all&#8221; column_element_spacing=&#8221;default&#8221; background_color_opacity=&#8221;1&#8243; background_hover_color_opacity=&#8221;1&#8243; column_shadow=&#8221;none&#8221; column_border_radius=&#8221;none&#8221; column_link_target=&#8221;_self&#8221; column_position=&#8221;default&#8221; gradient_direction=&#8221;left_to_right&#8221; overlay_strength=&#8221;0.3&#8243; width=&#8221;2\/3&#8243; tablet_width_inherit=&#8221;default&#8221; tablet_text_alignment=&#8221;default&#8221; phone_text_alignment=&#8221;default&#8221; animation_type=&#8221;default&#8221; bg_image_animation=&#8221;none&#8221; border_type=&#8221;simple&#8221; column_border_width=&#8221;none&#8221; column_border_style=&#8221;solid&#8221;][vc_custom_heading text=&#8221;Tomasz Gromek&#8221; font_container=&#8221;tag:h2|font_size:40|text_align:left|line_height:50px&#8221; use_theme_fonts=&#8221;yes&#8221;][vc_custom_heading text=&#8221;Partner, Attorney-at-Law&#8221; font_container=&#8221;tag:h5|font_size:22|text_align:left&#8221; use_theme_fonts=&#8221;yes&#8221; css=&#8221;.vc_custom_1585318794495{margin-bottom: 10px !important;}&#8221;][\/vc_column][vc_column column_padding=&#8221;no-extra-padding&#8221; column_padding_tablet=&#8221;inherit&#8221; column_padding_phone=&#8221;inherit&#8221; column_padding_position=&#8221;all&#8221; column_element_spacing=&#8221;default&#8221; background_color_opacity=&#8221;1&#8243; background_hover_color_opacity=&#8221;1&#8243; column_shadow=&#8221;none&#8221; column_border_radius=&#8221;none&#8221; column_link_target=&#8221;_self&#8221; column_position=&#8221;default&#8221; gradient_direction=&#8221;left_to_right&#8221; overlay_strength=&#8221;0.3&#8243; width=&#8221;1\/3&#8243; tablet_width_inherit=&#8221;default&#8221; tablet_text_alignment=&#8221;default&#8221; phone_text_alignment=&#8221;default&#8221; animation_type=&#8221;default&#8221; bg_image_animation=&#8221;none&#8221; border_type=&#8221;simple&#8221; column_border_width=&#8221;none&#8221; column_border_style=&#8221;solid&#8221;][image_with_animation image_url=&#8221;8194&#8243; image_size=&#8221;full&#8221; animation_type=&#8221;entrance&#8221; animation=&#8221;None&#8221; hover_animation=&#8221;none&#8221; alignment=&#8221;&#8221; border_radius=&#8221;none&#8221; box_shadow=&#8221;none&#8221; image_loading=&#8221;default&#8221; max_width=&#8221;100%&#8221; max_width_mobile=&#8221;default&#8221;][\/vc_column][\/vc_row][vc_row type=&#8221;full_width_background&#8221; full_screen_row_position=&#8221;middle&#8221; column_margin=&#8221;default&#8221; column_direction=&#8221;default&#8221; column_direction_tablet=&#8221;default&#8221; column_direction_phone=&#8221;default&#8221; bg_color=&#8221;#ffffff&#8221; scene_position=&#8221;center&#8221; text_color=&#8221;dark&#8221; text_align=&#8221;left&#8221; row_border_radius=&#8221;none&#8221; row_border_radius_applies=&#8221;bg&#8221; overflow=&#8221;visible&#8221; overlay_strength=&#8221;1&#8243; gradient_direction=&#8221;left_to_right&#8221; shape_divider_position=&#8221;bottom&#8221; bg_image_animation=&#8221;none&#8221;][vc_column column_padding=&#8221;no-extra-padding&#8221; column_padding_tablet=&#8221;inherit&#8221; column_padding_phone=&#8221;inherit&#8221; column_padding_position=&#8221;all&#8221; column_element_spacing=&#8221;default&#8221; background_color_opacity=&#8221;1&#8243; background_hover_color_opacity=&#8221;1&#8243; column_shadow=&#8221;none&#8221; column_border_radius=&#8221;none&#8221; column_link_target=&#8221;_self&#8221; column_position=&#8221;default&#8221; gradient_direction=&#8221;left_to_right&#8221; overlay_strength=&#8221;0.3&#8243; width=&#8221;5\/6&#8243; tablet_width_inherit=&#8221;default&#8221; tablet_text_alignment=&#8221;default&#8221; phone_text_alignment=&#8221;default&#8221; animation_type=&#8221;default&#8221; bg_image_animation=&#8221;none&#8221; border_type=&#8221;simple&#8221; column_border_width=&#8221;none&#8221; column_border_style=&#8221;solid&#8221;][vc_column_text]\n<h6><strong>Experience<\/strong><\/h6>\n[\/vc_column_text][divider line_type=&#8221;No Line&#8221; custom_height=&#8221;25&#8243;]<div class=\"nectar-fancy-ul\" data-list-icon=\"icon-salient-thin-line\" data-animation=\"false\" data-animation-delay=\"0\" data-color=\"extra-color-3\" data-spacing=\"default\" data-alignment=\"left\"> \n<ul>\n<li>Partner and co-founder of \u201cGromek i Partnerzy\u201d Law Firm<\/li>\n<li>Supervisory Board Member in, among others, UNICEF, Sfinks Polska SA, PLL LOT<\/li>\n<li>1999-2001 \u2013 partner in \u201cWierzbowski, Szubielska i wsp\u00f3lnicy\u201d Law Firm associated with PriceWaterhouseCoopers\u00a0(PwC), head of the mergers and capital transactions practice<\/li>\n<li>1993-1999 \u2013 co-founder of \u201cSzubielska, Gromek, Zakrzewski &amp; Janiak\u201d Law Firm (subsequently \u201cDoma\u0144ski, Szubielska i Wsp\u00f3lnicy\u201d, currently \u201eDoma\u0144ski Zakrzewski Palinka\u201d Law Firm), Managing Partner after association with Arthur Andersen;<\/li>\n<li>Personal advisor to Mariusz \u0141ukasiewicz (founder of Lukas SA, LUKAS BANK SA and Eurobank SA) at transactions of sale of shares in Lukas Bank SA and founding of Eurobank SA, one of the main advisors in the process of sale of Eurobank SA Societe Generale SA;<\/li>\n<li>Co-author of the Privatisation Act and arranger of the Ministry of Ownership Transformations, advisor to the Minister of Ownership Transformations in the process of privatisation of first five enterprises;<\/li>\n<\/ul>\n<ul>\n<li>legal advice in M&amp;A transactions, acquisitions of blocks of shares\/stock, sale and contribution of businesses or their organised parts and assets, post-transaction support in the organization of newly established entities,<\/li>\n<li>legal advice in the area of real estate including without limitation: negotiating contracts on the acquisition of land, negotiating construction work contracts concerning the construction of plants, commercial centres; advice with respect to development projects, assistance in the preparation of lease agreements with elements of construction work contracts, dozens of due diligences of legal situation of real estate both during the legal audits of entities of various legal status and for the needs of specific transaction.<\/li>\n<\/ul>\n <\/div>[\/vc_column][vc_column column_padding=&#8221;no-extra-padding&#8221; column_padding_tablet=&#8221;inherit&#8221; column_padding_phone=&#8221;inherit&#8221; column_padding_position=&#8221;all&#8221; column_element_spacing=&#8221;default&#8221; background_color_opacity=&#8221;1&#8243; background_hover_color_opacity=&#8221;1&#8243; column_shadow=&#8221;none&#8221; column_border_radius=&#8221;none&#8221; column_link_target=&#8221;_self&#8221; column_position=&#8221;default&#8221; gradient_direction=&#8221;left_to_right&#8221; overlay_strength=&#8221;0.3&#8243; width=&#8221;1\/6&#8243; tablet_width_inherit=&#8221;default&#8221; tablet_text_alignment=&#8221;default&#8221; phone_text_alignment=&#8221;default&#8221; animation_type=&#8221;default&#8221; bg_image_animation=&#8221;none&#8221; border_type=&#8221;simple&#8221; column_border_width=&#8221;none&#8221; column_border_style=&#8221;solid&#8221;][\/vc_column][\/vc_row][vc_row type=&#8221;full_width_background&#8221; full_screen_row_position=&#8221;middle&#8221; column_margin=&#8221;default&#8221; column_direction=&#8221;default&#8221; column_direction_tablet=&#8221;default&#8221; column_direction_phone=&#8221;default&#8221; scene_position=&#8221;center&#8221; top_padding=&#8221;3%&#8221; bottom_padding=&#8221;3%&#8221; text_color=&#8221;dark&#8221; text_align=&#8221;left&#8221; row_border_radius=&#8221;none&#8221; row_border_radius_applies=&#8221;bg&#8221; overflow=&#8221;visible&#8221; overlay_strength=&#8221;0.3&#8243; gradient_direction=&#8221;left_to_right&#8221; shape_divider_position=&#8221;bottom&#8221; bg_image_animation=&#8221;none&#8221;][vc_column column_padding=&#8221;no-extra-padding&#8221; column_padding_tablet=&#8221;inherit&#8221; column_padding_phone=&#8221;inherit&#8221; column_padding_position=&#8221;all&#8221; column_element_spacing=&#8221;default&#8221; background_color_opacity=&#8221;1&#8243; background_hover_color_opacity=&#8221;1&#8243; column_shadow=&#8221;none&#8221; column_border_radius=&#8221;none&#8221; column_link_target=&#8221;_self&#8221; column_position=&#8221;default&#8221; gradient_direction=&#8221;left_to_right&#8221; overlay_strength=&#8221;0.3&#8243; width=&#8221;5\/6&#8243; tablet_width_inherit=&#8221;default&#8221; tablet_text_alignment=&#8221;default&#8221; phone_text_alignment=&#8221;default&#8221; animation_type=&#8221;default&#8221; bg_image_animation=&#8221;none&#8221; border_type=&#8221;simple&#8221; column_border_width=&#8221;none&#8221; column_border_style=&#8221;solid&#8221;][vc_column_text]\n<h6 style=\"color: #1e83ec;\"><span style=\"color: #000000;\">Education<\/span><\/h6>\n[\/vc_column_text][divider line_type=&#8221;No Line&#8221; custom_height=&#8221;25&#8243;]<div class=\"nectar-fancy-ul\" data-list-icon=\"icon-salient-thin-line\" data-animation=\"false\" data-animation-delay=\"0\" data-color=\"extra-color-3\" data-spacing=\"default\" data-alignment=\"left\"> \n<ul>\n<li>attorney-at-law since 1987, member of Warsaw Bar Association<\/li>\n<li>judge\u2019s exam passed in 1985<\/li>\n<li>graduate from the Law and Administration Faculty at the University of Warsaw<\/li>\n<\/ul>\n <\/div>[vc_row_inner column_margin=&#8221;default&#8221; column_direction=&#8221;default&#8221; column_direction_tablet=&#8221;default&#8221; column_direction_phone=&#8221;default&#8221; top_padding=&#8221;15&#8243; bottom_padding=&#8221;25&#8243; text_align=&#8221;left&#8221; row_position=&#8221;default&#8221; row_position_tablet=&#8221;inherit&#8221; row_position_phone=&#8221;inherit&#8221; overflow=&#8221;visible&#8221; pointer_events=&#8221;all&#8221;][vc_column_inner column_padding=&#8221;no-extra-padding&#8221; column_padding_tablet=&#8221;inherit&#8221; column_padding_phone=&#8221;inherit&#8221; column_padding_position=&#8221;all&#8221; column_element_spacing=&#8221;default&#8221; background_color_opacity=&#8221;1&#8243; background_hover_color_opacity=&#8221;1&#8243; column_shadow=&#8221;none&#8221; column_border_radius=&#8221;none&#8221; column_link_target=&#8221;_self&#8221; gradient_direction=&#8221;left_to_right&#8221; overlay_strength=&#8221;0.3&#8243; width=&#8221;1\/1&#8243; tablet_width_inherit=&#8221;default&#8221; animation_type=&#8221;default&#8221; enable_animation=&#8221;true&#8221; animation=&#8221;fade-in-from-bottom&#8221; bg_image_animation=&#8221;none&#8221; border_type=&#8221;simple&#8221; column_border_width=&#8221;none&#8221; column_border_style=&#8221;solid&#8221;][vc_column_text]\n<h6 style=\"color: #1e83ec;\"><span style=\"color: #000000;\">Contact<\/span><\/h6>\n[\/vc_column_text][vc_column_text]- tel: 22 849 33 64<br \/>\n&#8211; mail: tomasz.gromek@GiPlegal.pl[\/vc_column_text][\/vc_column_inner][\/vc_row_inner][divider line_type=&#8221;No Line&#8221; custom_height=&#8221;25&#8243;][nectar_btn size=&#8221;medium&#8221; button_style=&#8221;regular&#8221; button_color_2=&#8221;Accent-Color&#8221; icon_family=&#8221;none&#8221; url=&#8221;https:\/\/www.giplegal.pl\/en\/team\/&#8221; text=&#8221;Back&#8221;][\/vc_column][vc_column column_padding=&#8221;no-extra-padding&#8221; column_padding_tablet=&#8221;inherit&#8221; column_padding_phone=&#8221;inherit&#8221; column_padding_position=&#8221;all&#8221; column_element_spacing=&#8221;default&#8221; background_color_opacity=&#8221;1&#8243; background_hover_color_opacity=&#8221;1&#8243; column_shadow=&#8221;none&#8221; column_border_radius=&#8221;none&#8221; column_link_target=&#8221;_self&#8221; column_position=&#8221;default&#8221; gradient_direction=&#8221;left_to_right&#8221; overlay_strength=&#8221;0.3&#8243; width=&#8221;1\/6&#8243; tablet_width_inherit=&#8221;default&#8221; tablet_text_alignment=&#8221;default&#8221; phone_text_alignment=&#8221;default&#8221; animation_type=&#8221;default&#8221; bg_image_animation=&#8221;none&#8221; border_type=&#8221;simple&#8221; column_border_width=&#8221;none&#8221; column_border_style=&#8221;solid&#8221;][\/vc_column][\/vc_row]\n","protected":false},"excerpt":{"rendered":"<p>[vc_row type=&#8221;full_width_background&#8221; full_screen_row_position=&#8221;middle&#8221; column_margin=&#8221;default&#8221; equal_height=&#8221;yes&#8221; content_placement=&#8221;middle&#8221; column_direction=&#8221;default&#8221; column_direction_tablet=&#8221;default&#8221; column_direction_phone=&#8221;default&#8221; bg_color=&#8221;#ffffff&#8221; scene_position=&#8221;center&#8221; top_padding=&#8221;5%&#8221; text_color=&#8221;dark&#8221; text_align=&#8221;left&#8221; row_border_radius=&#8221;none&#8221; row_border_radius_applies=&#8221;bg&#8221; overflow=&#8221;visible&#8221; overlay_strength=&#8221;0.3&#8243; gradient_direction=&#8221;left_to_right&#8221; shape_divider_position=&#8221;bottom&#8221; bg_image_animation=&#8221;none&#8221;][vc_column column_padding=&#8221;no-extra-padding&#8221; column_padding_tablet=&#8221;inherit&#8221; column_padding_phone=&#8221;inherit&#8221; column_padding_position=&#8221;all&#8221; column_element_spacing=&#8221;default&#8221; background_color_opacity=&#8221;1&#8243; background_hover_color_opacity=&#8221;1&#8243; column_shadow=&#8221;none&#8221; column_border_radius=&#8221;none&#8221;&#8230;<\/p>\n","protected":false},"author":1,"featured_media":0,"parent":0,"menu_order":0,"comment_status":"closed","ping_status":"closed","template":"","meta":{"footnotes":""},"class_list":["post-7670","page","type-page","status-publish"],"yoast_head":"<!-- This site is optimized with the Yoast SEO plugin v27.5 - https:\/\/yoast.com\/product\/yoast-seo-wordpress\/ -->\n<title>Tomasz Gromek | Gromek i Partnerzy EN<\/title>\n<meta name=\"description\" content=\"Tomasz Gromek - Partner, Attorney-at-Law | Gromek i Partnerzy\" \/>\n<meta name=\"robots\" content=\"index, follow, max-snippet:-1, max-image-preview:large, max-video-preview:-1\" \/>\n<link rel=\"canonical\" href=\"https:\/\/www.giplegal.pl\/en\/tomasz-gromek\/\" \/>\n<meta property=\"og:locale\" content=\"en_US\" \/>\n<meta property=\"og:type\" content=\"article\" \/>\n<meta property=\"og:title\" content=\"Tomasz Gromek | Gromek i Partnerzy EN\" \/>\n<meta property=\"og:description\" content=\"Tomasz Gromek - Partner, Attorney-at-Law | Gromek i Partnerzy\" \/>\n<meta property=\"og:url\" content=\"https:\/\/www.giplegal.pl\/en\/tomasz-gromek\/\" \/>\n<meta property=\"og:site_name\" content=\"Gromek i Partnerzy - Kancelaria radc\u00f3w prawnych\" \/>\n<meta property=\"article:modified_time\" content=\"2025-10-17T14:49:57+00:00\" \/>\n<meta name=\"twitter:card\" content=\"summary_large_image\" \/>\n<meta name=\"twitter:label1\" content=\"Est. reading time\" \/>\n\t<meta name=\"twitter:data1\" content=\"3 minutes\" \/>\n<script type=\"application\/ld+json\" class=\"yoast-schema-graph\">{\"@context\":\"https:\\\/\\\/schema.org\",\"@graph\":[{\"@type\":\"WebPage\",\"@id\":\"https:\\\/\\\/www.giplegal.pl\\\/en\\\/tomasz-gromek\\\/\",\"url\":\"https:\\\/\\\/www.giplegal.pl\\\/en\\\/tomasz-gromek\\\/\",\"name\":\"Tomasz Gromek | Gromek i Partnerzy EN\",\"isPartOf\":{\"@id\":\"https:\\\/\\\/www.giplegal.pl\\\/#website\"},\"datePublished\":\"2020-03-27T14:19:54+00:00\",\"dateModified\":\"2025-10-17T14:49:57+00:00\",\"description\":\"Tomasz Gromek - Partner, Attorney-at-Law | Gromek i Partnerzy\",\"breadcrumb\":{\"@id\":\"https:\\\/\\\/www.giplegal.pl\\\/en\\\/tomasz-gromek\\\/#breadcrumb\"},\"inLanguage\":\"en-US\",\"potentialAction\":[{\"@type\":\"ReadAction\",\"target\":[\"https:\\\/\\\/www.giplegal.pl\\\/en\\\/tomasz-gromek\\\/\"]}]},{\"@type\":\"BreadcrumbList\",\"@id\":\"https:\\\/\\\/www.giplegal.pl\\\/en\\\/tomasz-gromek\\\/#breadcrumb\",\"itemListElement\":[{\"@type\":\"ListItem\",\"position\":1,\"name\":\"Strona g\u0142\u00f3wna\",\"item\":\"https:\\\/\\\/www.giplegal.pl\\\/en\\\/\"},{\"@type\":\"ListItem\",\"position\":2,\"name\":\"Tomasz Gromek\u00a0\"}]},{\"@type\":\"WebSite\",\"@id\":\"https:\\\/\\\/www.giplegal.pl\\\/#website\",\"url\":\"https:\\\/\\\/www.giplegal.pl\\\/\",\"name\":\"Gromek i Partnerzy - Kancelaria radc\u00f3w prawnych\",\"description\":\"Kancelaria radc\u00f3w prawnych oferuj\u0105ca doradztwo prawne i strategiczne\",\"publisher\":{\"@id\":\"https:\\\/\\\/www.giplegal.pl\\\/#organization\"},\"potentialAction\":[{\"@type\":\"SearchAction\",\"target\":{\"@type\":\"EntryPoint\",\"urlTemplate\":\"https:\\\/\\\/www.giplegal.pl\\\/?s={search_term_string}\"},\"query-input\":{\"@type\":\"PropertyValueSpecification\",\"valueRequired\":true,\"valueName\":\"search_term_string\"}}],\"inLanguage\":\"en-US\"},{\"@type\":\"Organization\",\"@id\":\"https:\\\/\\\/www.giplegal.pl\\\/#organization\",\"name\":\"Gromek i Partnerzy\",\"url\":\"https:\\\/\\\/www.giplegal.pl\\\/\",\"logo\":{\"@type\":\"ImageObject\",\"inLanguage\":\"en-US\",\"@id\":\"https:\\\/\\\/www.giplegal.pl\\\/#\\\/schema\\\/logo\\\/image\\\/\",\"url\":\"https:\\\/\\\/i0.wp.com\\\/www.giplegal.pl\\\/wp-content\\\/uploads\\\/2018\\\/11\\\/GIP-logo-new-blue.png?fit=1623%2C391&ssl=1\",\"contentUrl\":\"https:\\\/\\\/i0.wp.com\\\/www.giplegal.pl\\\/wp-content\\\/uploads\\\/2018\\\/11\\\/GIP-logo-new-blue.png?fit=1623%2C391&ssl=1\",\"width\":1623,\"height\":391,\"caption\":\"Gromek i Partnerzy\"},\"image\":{\"@id\":\"https:\\\/\\\/www.giplegal.pl\\\/#\\\/schema\\\/logo\\\/image\\\/\"},\"sameAs\":[\"https:\\\/\\\/www.linkedin.com\\\/company\\\/giplegal\"]}]}<\/script>\n<!-- \/ Yoast SEO plugin. -->","yoast_head_json":{"title":"Tomasz Gromek | Gromek i Partnerzy EN","description":"Tomasz Gromek - Partner, Attorney-at-Law | Gromek i Partnerzy","robots":{"index":"index","follow":"follow","max-snippet":"max-snippet:-1","max-image-preview":"max-image-preview:large","max-video-preview":"max-video-preview:-1"},"canonical":"https:\/\/www.giplegal.pl\/en\/tomasz-gromek\/","og_locale":"en_US","og_type":"article","og_title":"Tomasz Gromek | Gromek i Partnerzy EN","og_description":"Tomasz Gromek - Partner, Attorney-at-Law | Gromek i Partnerzy","og_url":"https:\/\/www.giplegal.pl\/en\/tomasz-gromek\/","og_site_name":"Gromek i Partnerzy - Kancelaria radc\u00f3w prawnych","article_modified_time":"2025-10-17T14:49:57+00:00","twitter_card":"summary_large_image","twitter_misc":{"Est. reading time":"3 minutes"},"schema":{"@context":"https:\/\/schema.org","@graph":[{"@type":"WebPage","@id":"https:\/\/www.giplegal.pl\/en\/tomasz-gromek\/","url":"https:\/\/www.giplegal.pl\/en\/tomasz-gromek\/","name":"Tomasz Gromek | Gromek i Partnerzy EN","isPartOf":{"@id":"https:\/\/www.giplegal.pl\/#website"},"datePublished":"2020-03-27T14:19:54+00:00","dateModified":"2025-10-17T14:49:57+00:00","description":"Tomasz Gromek - Partner, Attorney-at-Law | Gromek i Partnerzy","breadcrumb":{"@id":"https:\/\/www.giplegal.pl\/en\/tomasz-gromek\/#breadcrumb"},"inLanguage":"en-US","potentialAction":[{"@type":"ReadAction","target":["https:\/\/www.giplegal.pl\/en\/tomasz-gromek\/"]}]},{"@type":"BreadcrumbList","@id":"https:\/\/www.giplegal.pl\/en\/tomasz-gromek\/#breadcrumb","itemListElement":[{"@type":"ListItem","position":1,"name":"Strona g\u0142\u00f3wna","item":"https:\/\/www.giplegal.pl\/en\/"},{"@type":"ListItem","position":2,"name":"Tomasz Gromek\u00a0"}]},{"@type":"WebSite","@id":"https:\/\/www.giplegal.pl\/#website","url":"https:\/\/www.giplegal.pl\/","name":"Gromek i Partnerzy - Kancelaria radc\u00f3w prawnych","description":"Kancelaria radc\u00f3w prawnych oferuj\u0105ca doradztwo prawne i strategiczne","publisher":{"@id":"https:\/\/www.giplegal.pl\/#organization"},"potentialAction":[{"@type":"SearchAction","target":{"@type":"EntryPoint","urlTemplate":"https:\/\/www.giplegal.pl\/?s={search_term_string}"},"query-input":{"@type":"PropertyValueSpecification","valueRequired":true,"valueName":"search_term_string"}}],"inLanguage":"en-US"},{"@type":"Organization","@id":"https:\/\/www.giplegal.pl\/#organization","name":"Gromek i Partnerzy","url":"https:\/\/www.giplegal.pl\/","logo":{"@type":"ImageObject","inLanguage":"en-US","@id":"https:\/\/www.giplegal.pl\/#\/schema\/logo\/image\/","url":"https:\/\/i0.wp.com\/www.giplegal.pl\/wp-content\/uploads\/2018\/11\/GIP-logo-new-blue.png?fit=1623%2C391&ssl=1","contentUrl":"https:\/\/i0.wp.com\/www.giplegal.pl\/wp-content\/uploads\/2018\/11\/GIP-logo-new-blue.png?fit=1623%2C391&ssl=1","width":1623,"height":391,"caption":"Gromek i Partnerzy"},"image":{"@id":"https:\/\/www.giplegal.pl\/#\/schema\/logo\/image\/"},"sameAs":["https:\/\/www.linkedin.com\/company\/giplegal"]}]}},"_links":{"self":[{"href":"https:\/\/www.giplegal.pl\/en\/wp-json\/wp\/v2\/pages\/7670\/"}],"collection":[{"href":"https:\/\/www.giplegal.pl\/en\/wp-json\/wp\/v2\/pages\/"}],"about":[{"href":"https:\/\/www.giplegal.pl\/en\/wp-json\/wp\/v2\/types\/page\/"}],"author":[{"embeddable":true,"href":"https:\/\/www.giplegal.pl\/en\/wp-json\/wp\/v2\/users\/1\/"}],"replies":[{"embeddable":true,"href":"https:\/\/www.giplegal.pl\/en\/wp-json\/wp\/v2\/comments\/?post=7670"}],"version-history":[{"count":6,"href":"https:\/\/www.giplegal.pl\/en\/wp-json\/wp\/v2\/pages\/7670\/revisions\/"}],"predecessor-version":[{"id":8197,"href":"https:\/\/www.giplegal.pl\/en\/wp-json\/wp\/v2\/pages\/7670\/revisions\/8197\/"}],"wp:attachment":[{"href":"https:\/\/www.giplegal.pl\/en\/wp-json\/wp\/v2\/media\/?parent=7670"}],"curies":[{"name":"wp","href":"https:\/\/api.w.org\/{rel}","templated":true}]}}