{"id":7520,"date":"2020-02-24T15:34:57","date_gmt":"2020-02-24T14:34:57","guid":{"rendered":"https:\/\/www.giplegal.pl\/?page_id=7520"},"modified":"2020-03-27T11:12:08","modified_gmt":"2020-03-27T10:12:08","slug":"real-estate","status":"publish","type":"page","link":"https:\/\/www.giplegal.pl\/en\/specializations\/real-estate\/","title":{"rendered":"Real estate"},"content":{"rendered":"[vc_row type=&#8221;full_width_content&#8221; full_screen_row_position=&#8221;middle&#8221; equal_height=&#8221;yes&#8221; content_placement=&#8221;middle&#8221; bg_image=&#8221;6875&#8243; bg_position=&#8221;center top&#8221; bg_repeat=&#8221;no-repeat&#8221; parallax_bg=&#8221;true&#8221; parallax_bg_speed=&#8221;fast&#8221; bg_color=&#8221;#333333&#8243; scene_position=&#8221;center&#8221; text_color=&#8221;light&#8221; text_align=&#8221;left&#8221; top_padding=&#8221;10%&#8221; bottom_padding=&#8221;10%&#8221; color_overlay=&#8221;rgba(51,51,51,0.83)&#8221; overlay_strength=&#8221;0.5&#8243; shape_divider_position=&#8221;bottom&#8221; shape_type=&#8221;&#8221;][vc_column centered_text=&#8221;true&#8221; column_padding=&#8221;no-extra-padding&#8221; column_padding_position=&#8221;all&#8221; background_color_opacity=&#8221;1&#8243; background_hover_color_opacity=&#8221;1&#8243; column_link_target=&#8221;_self&#8221; column_shadow=&#8221;none&#8221; column_border_radius=&#8221;none&#8221; width=&#8221;1\/6&#8243; tablet_width_inherit=&#8221;default&#8221; tablet_text_alignment=&#8221;default&#8221; phone_text_alignment=&#8221;default&#8221; column_border_width=&#8221;none&#8221; column_border_style=&#8221;solid&#8221;][\/vc_column][vc_column centered_text=&#8221;true&#8221; column_padding=&#8221;no-extra-padding&#8221; column_padding_position=&#8221;all&#8221; background_color_opacity=&#8221;1&#8243; background_hover_color_opacity=&#8221;1&#8243; column_link_target=&#8221;_self&#8221; column_shadow=&#8221;none&#8221; column_border_radius=&#8221;none&#8221; width=&#8221;2\/3&#8243; tablet_width_inherit=&#8221;default&#8221; tablet_text_alignment=&#8221;default&#8221; phone_text_alignment=&#8221;default&#8221; column_border_width=&#8221;none&#8221; column_border_style=&#8221;solid&#8221;][vc_row_inner column_margin=&#8221;default&#8221; text_align=&#8221;left&#8221;][vc_column_inner enable_animation=&#8221;true&#8221; animation=&#8221;grow-in&#8221; column_padding=&#8221;no-extra-padding&#8221; column_padding_position=&#8221;all&#8221; background_color_opacity=&#8221;1&#8243; background_hover_color_opacity=&#8221;1&#8243; column_shadow=&#8221;none&#8221; column_border_radius=&#8221;none&#8221; column_link_target=&#8221;_self&#8221; width=&#8221;1\/1&#8243; tablet_width_inherit=&#8221;default&#8221; column_border_width=&#8221;none&#8221; column_border_style=&#8221;solid&#8221;][\/vc_column_inner][\/vc_row_inner][split_line_heading]\n<h1><span style=\"color: #ffffff;\"><a style=\"color: #ffffff;\" href=\"#1\">Real estate<\/a><\/span><\/h1>\n[\/split_line_heading][vc_row_inner column_margin=&#8221;default&#8221; text_align=&#8221;left&#8221;][vc_column_inner enable_animation=&#8221;true&#8221; animation=&#8221;fade-in-from-bottom&#8221; column_padding=&#8221;no-extra-padding&#8221; column_padding_position=&#8221;all&#8221; background_color_opacity=&#8221;1&#8243; background_hover_color_opacity=&#8221;1&#8243; column_shadow=&#8221;none&#8221; column_border_radius=&#8221;none&#8221; column_link_target=&#8221;_self&#8221; width=&#8221;1\/1&#8243; tablet_width_inherit=&#8221;default&#8221; column_border_width=&#8221;none&#8221; column_border_style=&#8221;solid&#8221; delay=&#8221;300&#8243;][vc_custom_heading text=&#8221;Properly selected legal advice in the area of real estate is the most solid foundation.&#8221; font_container=&#8221;tag:h5|font_size:20|text_align:center|color:rgba(255%2C255%2C255%2C0.7)|line_height:36px&#8221; google_fonts=&#8221;font_family:Roboto%3A100%2C100italic%2C300%2C300italic%2Cregular%2Citalic%2C500%2C500italic%2C700%2C700italic%2C900%2C900italic|font_style:300%20light%20regular%3A300%3Anormal&#8221; css=&#8221;.vc_custom_1582554672676{padding-right: 10% !important;padding-left: 10% !important;}&#8221;][\/vc_column_inner][\/vc_row_inner][vc_row_inner column_margin=&#8221;default&#8221; text_align=&#8221;left&#8221;][vc_column_inner enable_animation=&#8221;true&#8221; animation=&#8221;fade-in-from-bottom&#8221; column_padding=&#8221;no-extra-padding&#8221; column_padding_position=&#8221;all&#8221; background_color_opacity=&#8221;1&#8243; background_hover_color_opacity=&#8221;1&#8243; column_shadow=&#8221;none&#8221; column_border_radius=&#8221;none&#8221; column_link_target=&#8221;_self&#8221; width=&#8221;1\/1&#8243; tablet_width_inherit=&#8221;default&#8221; column_border_width=&#8221;none&#8221; column_border_style=&#8221;solid&#8221; delay=&#8221;450&#8243;][\/vc_column_inner][\/vc_row_inner][\/vc_column][vc_column column_padding=&#8221;no-extra-padding&#8221; column_padding_position=&#8221;all&#8221; background_color_opacity=&#8221;1&#8243; background_hover_color_opacity=&#8221;1&#8243; column_link_target=&#8221;_self&#8221; column_shadow=&#8221;none&#8221; column_border_radius=&#8221;none&#8221; width=&#8221;1\/6&#8243; tablet_width_inherit=&#8221;default&#8221; tablet_text_alignment=&#8221;default&#8221; phone_text_alignment=&#8221;default&#8221; column_border_width=&#8221;none&#8221; column_border_style=&#8221;solid&#8221;][\/vc_column][\/vc_row][vc_row type=&#8221;full_width_background&#8221; full_screen_row_position=&#8221;middle&#8221; bg_color=&#8221;#ffffff&#8221; scene_position=&#8221;center&#8221; text_color=&#8221;dark&#8221; text_align=&#8221;left&#8221; top_padding=&#8221;7%&#8221; bottom_padding=&#8221;1%&#8221; id=&#8221;1&#8243; overlay_strength=&#8221;0.3&#8243; shape_divider_position=&#8221;bottom&#8221; shape_type=&#8221;&#8221;][vc_column column_padding=&#8221;padding-2-percent&#8221; column_padding_position=&#8221;all&#8221; background_color_opacity=&#8221;1&#8243; background_hover_color_opacity=&#8221;1&#8243; column_link_target=&#8221;_self&#8221; column_shadow=&#8221;none&#8221; column_border_radius=&#8221;none&#8221; width=&#8221;2\/3&#8243; tablet_width_inherit=&#8221;default&#8221; tablet_text_alignment=&#8221;default&#8221; phone_text_alignment=&#8221;default&#8221; column_border_width=&#8221;none&#8221; column_border_style=&#8221;solid&#8221;][vc_row_inner column_margin=&#8221;default&#8221; text_align=&#8221;left&#8221;][vc_column_inner column_padding=&#8221;no-extra-padding&#8221; column_padding_position=&#8221;all&#8221; background_color_opacity=&#8221;1&#8243; background_hover_color_opacity=&#8221;1&#8243; column_shadow=&#8221;none&#8221; column_border_radius=&#8221;none&#8221; column_link_target=&#8221;_self&#8221; width=&#8221;1\/1&#8243; tablet_width_inherit=&#8221;default&#8221; column_border_width=&#8221;none&#8221; column_border_style=&#8221;solid&#8221;][vc_column_text]Most lawyers believe that they can advise in this area, but only a few of them are real experts. The real estate area requires professional theoretical and practical knowledge. Each mistake can cost a lot and most importantly &#8211; it can be indelible. Thanks to many years of practice, our lawyers can provide the necessary guarantees for the success of the undertaking. Check how we can support your venture[\/vc_column_text][divider line_type=&#8221;No Line&#8221; custom_height=&#8221;33&#8243;][vc_column_text css=&#8221;.vc_custom_1582554564839{margin-bottom: 18px !important;}&#8221;]\n<h3><b>Real estate<\/b><\/h3>\n[\/vc_column_text][vc_column_text]\n<ul>\n<li>legal advice to <b>Polish and foreign entities<\/b> purchasing real estate , including obtaining the necessary approvals and permits,<\/li>\n<li>legal advice on <b>investments<\/b>, in particular in commercial buildings, residential and industrial construction,<\/li>\n<li>legal services during the entire <b>construction process<\/b>, including preparation of contracts for the general implementation of investments, contracts for design works, contracts for construction works or subcontracts,<\/li>\n<li>consultancy in the field of <b>development projects<\/b>,<\/li>\n<li>negotiating and preparing <b>lease and rental agreements<\/b> as well as <b>real estate management agreements<\/b>,<\/li>\n<li><b>analyzing the legal status<\/b> of real estate, also with respect to environmental protection aspects, including for the purpose of obtaining financing,<\/li>\n<li>advice on the <b>return of property<\/b>,<\/li>\n<li>assessment of the legitimacy of <b>restitution proceedings<\/b> and other claims &#8220;directed&#8221; to real estate,<\/li>\n<li>consultancy in <b>regulating the legal status<\/b> of real estate, in particular in proceedings regarding adverse possession (Usucaption) and the termination of joint ownership of real estate,<\/li>\n<li>legal advice in the process of <b>obtaining financing<\/b> for the investment process,<\/li>\n<li>legal advice regarding <b>housing communities<\/b>,<\/li>\n<li>representing clients in <b>administrative and court proceedings<\/b>.<\/li>\n<\/ul>\n[\/vc_column_text][\/vc_column_inner][\/vc_row_inner][\/vc_column][vc_column column_padding=&#8221;padding-2-percent&#8221; column_padding_position=&#8221;all&#8221; background_color=&#8221;#f7f7f7&#8243; background_color_opacity=&#8221;1&#8243; background_hover_color_opacity=&#8221;1&#8243; column_link_target=&#8221;_self&#8221; column_shadow=&#8221;small_depth&#8221; column_border_radius=&#8221;none&#8221; width=&#8221;1\/3&#8243; tablet_width_inherit=&#8221;default&#8221; tablet_text_alignment=&#8221;default&#8221; phone_text_alignment=&#8221;default&#8221; column_border_width=&#8221;none&#8221; column_border_style=&#8221;solid&#8221;][vc_custom_heading text=&#8221;Why&#8221; font_container=&#8221;tag:h5|font_size:16|text_align:left&#8221; google_fonts=&#8221;font_family:Roboto%3A100%2C100italic%2C300%2C300italic%2Cregular%2Citalic%2C500%2C500italic%2C700%2C700italic%2C900%2C900italic|font_style:700%20bold%20regular%3A700%3Anormal&#8221;][vc_column_text]Because our many years of experience speaks for us, which is particularly important in the area of real estate. As part of the projects we have realized, we prepared a package of model contracts for construction investments, advised on negotiating long-term contracts for the lease of buildings and commercial premises, as well as contracts for the management of office buildings or buildings intended for educational activities. In addition, we advise real estate developers and buyers on a daily basis, which means that we know and understand the expectations of both parties in the process.[\/vc_column_text][divider line_type=&#8221;No Line&#8221; custom_height=&#8221;33&#8243;][\/vc_column][\/vc_row]\n","protected":false},"excerpt":{"rendered":"<p>[vc_row type=&#8221;full_width_content&#8221; full_screen_row_position=&#8221;middle&#8221; equal_height=&#8221;yes&#8221; content_placement=&#8221;middle&#8221; bg_image=&#8221;6875&#8243; bg_position=&#8221;center top&#8221; bg_repeat=&#8221;no-repeat&#8221; parallax_bg=&#8221;true&#8221; parallax_bg_speed=&#8221;fast&#8221; bg_color=&#8221;#333333&#8243; scene_position=&#8221;center&#8221; text_color=&#8221;light&#8221; text_align=&#8221;left&#8221; top_padding=&#8221;10%&#8221; bottom_padding=&#8221;10%&#8221; color_overlay=&#8221;rgba(51,51,51,0.83)&#8221; overlay_strength=&#8221;0.5&#8243; shape_divider_position=&#8221;bottom&#8221; shape_type=&#8221;&#8221;][vc_column centered_text=&#8221;true&#8221; column_padding=&#8221;no-extra-padding&#8221; column_padding_position=&#8221;all&#8221; background_color_opacity=&#8221;1&#8243; background_hover_color_opacity=&#8221;1&#8243; column_link_target=&#8221;_self&#8221; column_shadow=&#8221;none&#8221; column_border_radius=&#8221;none&#8221; width=&#8221;1\/6&#8243;&#8230;<\/p>\n","protected":false},"author":1,"featured_media":0,"parent":6247,"menu_order":0,"comment_status":"closed","ping_status":"closed","template":"","meta":{"footnotes":""},"class_list":["post-7520","page","type-page","status-publish"],"yoast_head":"<!-- This site is optimized with the Yoast SEO plugin v27.5 - https:\/\/yoast.com\/product\/yoast-seo-wordpress\/ -->\n<title>Real estate | Gromek i Partnerzy<\/title>\n<meta name=\"robots\" content=\"index, follow, max-snippet:-1, max-image-preview:large, max-video-preview:-1\" \/>\n<link rel=\"canonical\" href=\"https:\/\/www.giplegal.pl\/en\/specializations\/real-estate\/\" \/>\n<meta property=\"og:locale\" content=\"en_US\" \/>\n<meta property=\"og:type\" content=\"article\" \/>\n<meta property=\"og:title\" content=\"Real estate | Gromek i Partnerzy\" \/>\n<meta property=\"og:description\" content=\"[vc_row type=&#8221;full_width_content&#8221; full_screen_row_position=&#8221;middle&#8221; equal_height=&#8221;yes&#8221; content_placement=&#8221;middle&#8221; bg_image=&#8221;6875&#8243; bg_position=&#8221;center top&#8221; bg_repeat=&#8221;no-repeat&#8221; parallax_bg=&#8221;true&#8221; parallax_bg_speed=&#8221;fast&#8221; bg_color=&#8221;#333333&#8243; scene_position=&#8221;center&#8221; text_color=&#8221;light&#8221; text_align=&#8221;left&#8221; top_padding=&#8221;10%&#8221; bottom_padding=&#8221;10%&#8221; color_overlay=&#8221;rgba(51,51,51,0.83)&#8221; overlay_strength=&#8221;0.5&#8243; shape_divider_position=&#8221;bottom&#8221; shape_type=&#8221;&#8221;][vc_column centered_text=&#8221;true&#8221; column_padding=&#8221;no-extra-padding&#8221; column_padding_position=&#8221;all&#8221; background_color_opacity=&#8221;1&#8243; background_hover_color_opacity=&#8221;1&#8243; column_link_target=&#8221;_self&#8221; column_shadow=&#8221;none&#8221; column_border_radius=&#8221;none&#8221; width=&#8221;1\/6&#8243;...\" \/>\n<meta property=\"og:url\" content=\"https:\/\/www.giplegal.pl\/en\/specializations\/real-estate\/\" \/>\n<meta property=\"og:site_name\" content=\"Gromek i Partnerzy - Kancelaria radc\u00f3w prawnych\" \/>\n<meta property=\"article:modified_time\" content=\"2020-03-27T10:12:08+00:00\" \/>\n<meta name=\"twitter:card\" content=\"summary_large_image\" \/>\n<meta name=\"twitter:label1\" content=\"Est. reading time\" \/>\n\t<meta name=\"twitter:data1\" content=\"6 minutes\" \/>\n<script type=\"application\/ld+json\" class=\"yoast-schema-graph\">{\"@context\":\"https:\\\/\\\/schema.org\",\"@graph\":[{\"@type\":\"WebPage\",\"@id\":\"https:\\\/\\\/www.giplegal.pl\\\/en\\\/specializations\\\/real-estate\\\/\",\"url\":\"https:\\\/\\\/www.giplegal.pl\\\/en\\\/specializations\\\/real-estate\\\/\",\"name\":\"Real estate | Gromek i Partnerzy\",\"isPartOf\":{\"@id\":\"https:\\\/\\\/www.giplegal.pl\\\/#website\"},\"datePublished\":\"2020-02-24T14:34:57+00:00\",\"dateModified\":\"2020-03-27T10:12:08+00:00\",\"breadcrumb\":{\"@id\":\"https:\\\/\\\/www.giplegal.pl\\\/en\\\/specializations\\\/real-estate\\\/#breadcrumb\"},\"inLanguage\":\"en-US\",\"potentialAction\":[{\"@type\":\"ReadAction\",\"target\":[\"https:\\\/\\\/www.giplegal.pl\\\/en\\\/specializations\\\/real-estate\\\/\"]}]},{\"@type\":\"BreadcrumbList\",\"@id\":\"https:\\\/\\\/www.giplegal.pl\\\/en\\\/specializations\\\/real-estate\\\/#breadcrumb\",\"itemListElement\":[{\"@type\":\"ListItem\",\"position\":1,\"name\":\"Strona g\u0142\u00f3wna\",\"item\":\"https:\\\/\\\/www.giplegal.pl\\\/en\\\/\"},{\"@type\":\"ListItem\",\"position\":2,\"name\":\"Specializations\",\"item\":\"https:\\\/\\\/www.giplegal.pl\\\/en\\\/specializations\\\/\"},{\"@type\":\"ListItem\",\"position\":3,\"name\":\"Real estate\"}]},{\"@type\":\"WebSite\",\"@id\":\"https:\\\/\\\/www.giplegal.pl\\\/#website\",\"url\":\"https:\\\/\\\/www.giplegal.pl\\\/\",\"name\":\"Gromek i Partnerzy - Kancelaria radc\u00f3w prawnych\",\"description\":\"Kancelaria radc\u00f3w prawnych oferuj\u0105ca doradztwo prawne i strategiczne\",\"publisher\":{\"@id\":\"https:\\\/\\\/www.giplegal.pl\\\/#organization\"},\"potentialAction\":[{\"@type\":\"SearchAction\",\"target\":{\"@type\":\"EntryPoint\",\"urlTemplate\":\"https:\\\/\\\/www.giplegal.pl\\\/?s={search_term_string}\"},\"query-input\":{\"@type\":\"PropertyValueSpecification\",\"valueRequired\":true,\"valueName\":\"search_term_string\"}}],\"inLanguage\":\"en-US\"},{\"@type\":\"Organization\",\"@id\":\"https:\\\/\\\/www.giplegal.pl\\\/#organization\",\"name\":\"Gromek i Partnerzy\",\"url\":\"https:\\\/\\\/www.giplegal.pl\\\/\",\"logo\":{\"@type\":\"ImageObject\",\"inLanguage\":\"en-US\",\"@id\":\"https:\\\/\\\/www.giplegal.pl\\\/#\\\/schema\\\/logo\\\/image\\\/\",\"url\":\"https:\\\/\\\/i0.wp.com\\\/www.giplegal.pl\\\/wp-content\\\/uploads\\\/2018\\\/11\\\/GIP-logo-new-blue.png?fit=1623%2C391&ssl=1\",\"contentUrl\":\"https:\\\/\\\/i0.wp.com\\\/www.giplegal.pl\\\/wp-content\\\/uploads\\\/2018\\\/11\\\/GIP-logo-new-blue.png?fit=1623%2C391&ssl=1\",\"width\":1623,\"height\":391,\"caption\":\"Gromek i Partnerzy\"},\"image\":{\"@id\":\"https:\\\/\\\/www.giplegal.pl\\\/#\\\/schema\\\/logo\\\/image\\\/\"},\"sameAs\":[\"https:\\\/\\\/www.linkedin.com\\\/company\\\/giplegal\"]}]}<\/script>\n<!-- \/ Yoast SEO plugin. -->","yoast_head_json":{"title":"Real estate | Gromek i Partnerzy","robots":{"index":"index","follow":"follow","max-snippet":"max-snippet:-1","max-image-preview":"max-image-preview:large","max-video-preview":"max-video-preview:-1"},"canonical":"https:\/\/www.giplegal.pl\/en\/specializations\/real-estate\/","og_locale":"en_US","og_type":"article","og_title":"Real estate | Gromek i Partnerzy","og_description":"[vc_row type=&#8221;full_width_content&#8221; full_screen_row_position=&#8221;middle&#8221; equal_height=&#8221;yes&#8221; content_placement=&#8221;middle&#8221; bg_image=&#8221;6875&#8243; bg_position=&#8221;center top&#8221; bg_repeat=&#8221;no-repeat&#8221; parallax_bg=&#8221;true&#8221; parallax_bg_speed=&#8221;fast&#8221; bg_color=&#8221;#333333&#8243; scene_position=&#8221;center&#8221; text_color=&#8221;light&#8221; text_align=&#8221;left&#8221; top_padding=&#8221;10%&#8221; bottom_padding=&#8221;10%&#8221; color_overlay=&#8221;rgba(51,51,51,0.83)&#8221; overlay_strength=&#8221;0.5&#8243; shape_divider_position=&#8221;bottom&#8221; shape_type=&#8221;&#8221;][vc_column centered_text=&#8221;true&#8221; column_padding=&#8221;no-extra-padding&#8221; column_padding_position=&#8221;all&#8221; background_color_opacity=&#8221;1&#8243; background_hover_color_opacity=&#8221;1&#8243; column_link_target=&#8221;_self&#8221; column_shadow=&#8221;none&#8221; column_border_radius=&#8221;none&#8221; width=&#8221;1\/6&#8243;...","og_url":"https:\/\/www.giplegal.pl\/en\/specializations\/real-estate\/","og_site_name":"Gromek i Partnerzy - Kancelaria radc\u00f3w prawnych","article_modified_time":"2020-03-27T10:12:08+00:00","twitter_card":"summary_large_image","twitter_misc":{"Est. reading time":"6 minutes"},"schema":{"@context":"https:\/\/schema.org","@graph":[{"@type":"WebPage","@id":"https:\/\/www.giplegal.pl\/en\/specializations\/real-estate\/","url":"https:\/\/www.giplegal.pl\/en\/specializations\/real-estate\/","name":"Real estate | Gromek i Partnerzy","isPartOf":{"@id":"https:\/\/www.giplegal.pl\/#website"},"datePublished":"2020-02-24T14:34:57+00:00","dateModified":"2020-03-27T10:12:08+00:00","breadcrumb":{"@id":"https:\/\/www.giplegal.pl\/en\/specializations\/real-estate\/#breadcrumb"},"inLanguage":"en-US","potentialAction":[{"@type":"ReadAction","target":["https:\/\/www.giplegal.pl\/en\/specializations\/real-estate\/"]}]},{"@type":"BreadcrumbList","@id":"https:\/\/www.giplegal.pl\/en\/specializations\/real-estate\/#breadcrumb","itemListElement":[{"@type":"ListItem","position":1,"name":"Strona g\u0142\u00f3wna","item":"https:\/\/www.giplegal.pl\/en\/"},{"@type":"ListItem","position":2,"name":"Specializations","item":"https:\/\/www.giplegal.pl\/en\/specializations\/"},{"@type":"ListItem","position":3,"name":"Real estate"}]},{"@type":"WebSite","@id":"https:\/\/www.giplegal.pl\/#website","url":"https:\/\/www.giplegal.pl\/","name":"Gromek i Partnerzy - Kancelaria radc\u00f3w prawnych","description":"Kancelaria radc\u00f3w prawnych oferuj\u0105ca doradztwo prawne i strategiczne","publisher":{"@id":"https:\/\/www.giplegal.pl\/#organization"},"potentialAction":[{"@type":"SearchAction","target":{"@type":"EntryPoint","urlTemplate":"https:\/\/www.giplegal.pl\/?s={search_term_string}"},"query-input":{"@type":"PropertyValueSpecification","valueRequired":true,"valueName":"search_term_string"}}],"inLanguage":"en-US"},{"@type":"Organization","@id":"https:\/\/www.giplegal.pl\/#organization","name":"Gromek i Partnerzy","url":"https:\/\/www.giplegal.pl\/","logo":{"@type":"ImageObject","inLanguage":"en-US","@id":"https:\/\/www.giplegal.pl\/#\/schema\/logo\/image\/","url":"https:\/\/i0.wp.com\/www.giplegal.pl\/wp-content\/uploads\/2018\/11\/GIP-logo-new-blue.png?fit=1623%2C391&ssl=1","contentUrl":"https:\/\/i0.wp.com\/www.giplegal.pl\/wp-content\/uploads\/2018\/11\/GIP-logo-new-blue.png?fit=1623%2C391&ssl=1","width":1623,"height":391,"caption":"Gromek i Partnerzy"},"image":{"@id":"https:\/\/www.giplegal.pl\/#\/schema\/logo\/image\/"},"sameAs":["https:\/\/www.linkedin.com\/company\/giplegal"]}]}},"_links":{"self":[{"href":"https:\/\/www.giplegal.pl\/en\/wp-json\/wp\/v2\/pages\/7520\/"}],"collection":[{"href":"https:\/\/www.giplegal.pl\/en\/wp-json\/wp\/v2\/pages\/"}],"about":[{"href":"https:\/\/www.giplegal.pl\/en\/wp-json\/wp\/v2\/types\/page\/"}],"author":[{"embeddable":true,"href":"https:\/\/www.giplegal.pl\/en\/wp-json\/wp\/v2\/users\/1\/"}],"replies":[{"embeddable":true,"href":"https:\/\/www.giplegal.pl\/en\/wp-json\/wp\/v2\/comments\/?post=7520"}],"version-history":[{"count":4,"href":"https:\/\/www.giplegal.pl\/en\/wp-json\/wp\/v2\/pages\/7520\/revisions\/"}],"predecessor-version":[{"id":7658,"href":"https:\/\/www.giplegal.pl\/en\/wp-json\/wp\/v2\/pages\/7520\/revisions\/7658\/"}],"up":[{"embeddable":true,"href":"https:\/\/www.giplegal.pl\/en\/wp-json\/wp\/v2\/pages\/6247\/"}],"wp:attachment":[{"href":"https:\/\/www.giplegal.pl\/en\/wp-json\/wp\/v2\/media\/?parent=7520"}],"curies":[{"name":"wp","href":"https:\/\/api.w.org\/{rel}","templated":true}]}}