{"id":7513,"date":"2020-02-24T15:11:34","date_gmt":"2020-02-24T14:11:34","guid":{"rendered":"https:\/\/www.giplegal.pl\/?page_id=7513"},"modified":"2020-03-27T11:13:09","modified_gmt":"2020-03-27T10:13:09","slug":"financial-market-and-banking","status":"publish","type":"page","link":"https:\/\/www.giplegal.pl\/en\/specializations\/financial-market-and-banking\/","title":{"rendered":"Financial market and banking"},"content":{"rendered":"[vc_row type=&#8221;full_width_background&#8221; full_screen_row_position=&#8221;middle&#8221; equal_height=&#8221;yes&#8221; content_placement=&#8221;middle&#8221; bg_image=&#8221;7148&#8243; bg_position=&#8221;center center&#8221; bg_repeat=&#8221;no-repeat&#8221; parallax_bg=&#8221;true&#8221; parallax_bg_speed=&#8221;fast&#8221; bg_color=&#8221;#333333&#8243; scene_position=&#8221;center&#8221; text_color=&#8221;light&#8221; text_align=&#8221;left&#8221; top_padding=&#8221;10%&#8221; bottom_padding=&#8221;10%&#8221; color_overlay=&#8221;rgba(51,51,51,0.83)&#8221; overlay_strength=&#8221;0.5&#8243; shape_divider_position=&#8221;bottom&#8221; shape_type=&#8221;&#8221;][vc_column centered_text=&#8221;true&#8221; column_padding=&#8221;no-extra-padding&#8221; column_padding_position=&#8221;all&#8221; background_color_opacity=&#8221;1&#8243; background_hover_color_opacity=&#8221;1&#8243; column_link_target=&#8221;_self&#8221; column_shadow=&#8221;none&#8221; column_border_radius=&#8221;none&#8221; width=&#8221;1\/6&#8243; tablet_width_inherit=&#8221;default&#8221; tablet_text_alignment=&#8221;default&#8221; phone_text_alignment=&#8221;default&#8221; column_border_width=&#8221;none&#8221; column_border_style=&#8221;solid&#8221;][\/vc_column][vc_column centered_text=&#8221;true&#8221; column_padding=&#8221;no-extra-padding&#8221; column_padding_position=&#8221;all&#8221; background_color_opacity=&#8221;1&#8243; background_hover_color_opacity=&#8221;1&#8243; column_link_target=&#8221;_self&#8221; column_shadow=&#8221;none&#8221; column_border_radius=&#8221;none&#8221; width=&#8221;2\/3&#8243; tablet_width_inherit=&#8221;default&#8221; tablet_text_alignment=&#8221;default&#8221; phone_text_alignment=&#8221;default&#8221; column_border_width=&#8221;none&#8221; column_border_style=&#8221;solid&#8221;][vc_row_inner column_margin=&#8221;default&#8221; text_align=&#8221;left&#8221;][vc_column_inner enable_animation=&#8221;true&#8221; animation=&#8221;grow-in&#8221; column_padding=&#8221;no-extra-padding&#8221; column_padding_position=&#8221;all&#8221; background_color_opacity=&#8221;1&#8243; background_hover_color_opacity=&#8221;1&#8243; column_shadow=&#8221;none&#8221; column_border_radius=&#8221;none&#8221; column_link_target=&#8221;_self&#8221; width=&#8221;1\/1&#8243; tablet_width_inherit=&#8221;default&#8221; column_border_width=&#8221;none&#8221; column_border_style=&#8221;solid&#8221;][\/vc_column_inner][\/vc_row_inner][split_line_heading]\n<h1><span style=\"color: #ffffff;\"><a style=\"color: #ffffff;\" href=\"#1\">Financial market and banking<\/a><\/span><\/h1>\n[\/split_line_heading][vc_row_inner column_margin=&#8221;default&#8221; text_align=&#8221;left&#8221;][vc_column_inner enable_animation=&#8221;true&#8221; animation=&#8221;fade-in-from-bottom&#8221; column_padding=&#8221;no-extra-padding&#8221; column_padding_position=&#8221;all&#8221; background_color_opacity=&#8221;1&#8243; background_hover_color_opacity=&#8221;1&#8243; column_shadow=&#8221;none&#8221; column_border_radius=&#8221;none&#8221; column_link_target=&#8221;_self&#8221; width=&#8221;1\/1&#8243; tablet_width_inherit=&#8221;default&#8221; column_border_width=&#8221;none&#8221; column_border_style=&#8221;solid&#8221; delay=&#8221;300&#8243;][vc_custom_heading text=&#8221;Specialist knowledge and practical experience is what counts in finance.&#8221; font_container=&#8221;tag:h5|font_size:20|text_align:center|color:rgba(255%2C255%2C255%2C0.7)|line_height:36px&#8221; google_fonts=&#8221;font_family:Roboto%3A100%2C100italic%2C300%2C300italic%2Cregular%2Citalic%2C500%2C500italic%2C700%2C700italic%2C900%2C900italic|font_style:300%20light%20regular%3A300%3Anormal&#8221; css=&#8221;.vc_custom_1582553489505{padding-right: 10% !important;padding-left: 10% !important;}&#8221;][\/vc_column_inner][\/vc_row_inner][vc_row_inner column_margin=&#8221;default&#8221; text_align=&#8221;left&#8221;][vc_column_inner enable_animation=&#8221;true&#8221; animation=&#8221;fade-in-from-bottom&#8221; column_padding=&#8221;no-extra-padding&#8221; column_padding_position=&#8221;all&#8221; background_color_opacity=&#8221;1&#8243; background_hover_color_opacity=&#8221;1&#8243; column_shadow=&#8221;none&#8221; column_border_radius=&#8221;none&#8221; column_link_target=&#8221;_self&#8221; width=&#8221;1\/1&#8243; tablet_width_inherit=&#8221;default&#8221; column_border_width=&#8221;none&#8221; column_border_style=&#8221;solid&#8221; delay=&#8221;450&#8243;][\/vc_column_inner][\/vc_row_inner][\/vc_column][vc_column column_padding=&#8221;no-extra-padding&#8221; column_padding_position=&#8221;all&#8221; background_color_opacity=&#8221;1&#8243; background_hover_color_opacity=&#8221;1&#8243; column_link_target=&#8221;_self&#8221; column_shadow=&#8221;none&#8221; column_border_radius=&#8221;none&#8221; width=&#8221;1\/6&#8243; tablet_width_inherit=&#8221;default&#8221; tablet_text_alignment=&#8221;default&#8221; phone_text_alignment=&#8221;default&#8221; column_border_width=&#8221;none&#8221; column_border_style=&#8221;solid&#8221;][\/vc_column][\/vc_row][vc_row type=&#8221;full_width_background&#8221; full_screen_row_position=&#8221;middle&#8221; bg_color=&#8221;#ffffff&#8221; scene_position=&#8221;center&#8221; text_color=&#8221;dark&#8221; text_align=&#8221;left&#8221; top_padding=&#8221;7%&#8221; bottom_padding=&#8221;1%&#8221; id=&#8221;1&#8243; overlay_strength=&#8221;0.3&#8243; shape_divider_position=&#8221;bottom&#8221; shape_type=&#8221;&#8221;][vc_column column_padding=&#8221;padding-2-percent&#8221; column_padding_position=&#8221;all&#8221; background_color_opacity=&#8221;1&#8243; background_hover_color_opacity=&#8221;1&#8243; column_link_target=&#8221;_self&#8221; column_shadow=&#8221;none&#8221; column_border_radius=&#8221;none&#8221; width=&#8221;2\/3&#8243; tablet_width_inherit=&#8221;default&#8221; tablet_text_alignment=&#8221;default&#8221; phone_text_alignment=&#8221;default&#8221; column_border_width=&#8221;none&#8221; column_border_style=&#8221;solid&#8221;][vc_row_inner column_margin=&#8221;default&#8221; text_align=&#8221;left&#8221;][vc_column_inner column_padding=&#8221;no-extra-padding&#8221; column_padding_position=&#8221;all&#8221; background_color_opacity=&#8221;1&#8243; background_hover_color_opacity=&#8221;1&#8243; column_shadow=&#8221;none&#8221; column_border_radius=&#8221;none&#8221; column_link_target=&#8221;_self&#8221; width=&#8221;1\/1&#8243; tablet_width_inherit=&#8221;default&#8221; column_border_width=&#8221;none&#8221; column_border_style=&#8221;solid&#8221;][vc_column_text]The Law Firm&#8217;s team of lawyers has been cooperating with financial market institutions for many years, both with regard to ongoing legal services and consulting on the most complex transactions. We also advise on the processes of creating, merging and dividing financial market entities. Check how we can support your institution.[\/vc_column_text][divider line_type=&#8221;No Line&#8221; custom_height=&#8221;33&#8243;][vc_column_text css=&#8221;.vc_custom_1582553901804{margin-bottom: 18px !important;}&#8221;]\n<h3>Advisory<\/h3>\n[\/vc_column_text][vc_column_text]\n<ul>\n<li>legal support for the processes of <b>creation, merger and division<\/b> of financial market entities (including banks, investment and pension fund managers) and the processes of <b>taking over the management<\/b> of investment and pension funds,<\/li>\n<li>legal advice in the processes of preparing and negotiating documentation related to <b>obtaining financing<\/b> (including credit documentation, documentation regarding the issuance of bonds), including obtaining financing on the <b>venture capital market<\/b>,<\/li>\n<li>legal advice on <b>financing restructuring<\/b>,<\/li>\n<li><b>ongoing legal services<\/b> for financial market entities, including preparation or issuing opinions on internal acts,<\/li>\n<li>implementation of <b>audits<\/b> regarding selected aspects of banking activities,<\/li>\n<li>representation in <b>court and administrative proceedings<\/b> related to the functioning of entities on the regulated market.<\/li>\n<\/ul>\n[\/vc_column_text][\/vc_column_inner][\/vc_row_inner][\/vc_column][vc_column column_padding=&#8221;padding-2-percent&#8221; column_padding_position=&#8221;all&#8221; background_color=&#8221;#f7f7f7&#8243; background_color_opacity=&#8221;1&#8243; background_hover_color_opacity=&#8221;1&#8243; column_link_target=&#8221;_self&#8221; column_shadow=&#8221;small_depth&#8221; column_border_radius=&#8221;none&#8221; width=&#8221;1\/3&#8243; tablet_width_inherit=&#8221;default&#8221; tablet_text_alignment=&#8221;default&#8221; phone_text_alignment=&#8221;default&#8221; column_border_width=&#8221;none&#8221; column_border_style=&#8221;solid&#8221;][vc_custom_heading text=&#8221;Why&#8221; font_container=&#8221;tag:h5|font_size:16|text_align:left&#8221; google_fonts=&#8221;font_family:Roboto%3A100%2C100italic%2C300%2C300italic%2Cregular%2Citalic%2C500%2C500italic%2C700%2C700italic%2C900%2C900italic|font_style:700%20bold%20regular%3A700%3Anormal&#8221;][vc_column_text]Because we have specialized substantive knowledge in the field of financial market issues, based on many years of practice in cooperation with financial market entities and work in banks. We have provided legal advice in such noteworthy transactions as: the creation and sale of Euro Bank, the creation of FM Bank, currently Nest Bank, bond issues (volume of issue programs up to PLN 1,500,000,000), preparation and negotiation of loan documentation (unit value of loans up to PLN 700,000,000 ), and the process of taking over the management of Pekao Powszechny Fundusz Emerytalny.[\/vc_column_text][\/vc_column][\/vc_row]\n","protected":false},"excerpt":{"rendered":"<p>[vc_row type=&#8221;full_width_background&#8221; full_screen_row_position=&#8221;middle&#8221; equal_height=&#8221;yes&#8221; content_placement=&#8221;middle&#8221; bg_image=&#8221;7148&#8243; bg_position=&#8221;center center&#8221; bg_repeat=&#8221;no-repeat&#8221; parallax_bg=&#8221;true&#8221; parallax_bg_speed=&#8221;fast&#8221; bg_color=&#8221;#333333&#8243; scene_position=&#8221;center&#8221; text_color=&#8221;light&#8221; text_align=&#8221;left&#8221; top_padding=&#8221;10%&#8221; bottom_padding=&#8221;10%&#8221; color_overlay=&#8221;rgba(51,51,51,0.83)&#8221; overlay_strength=&#8221;0.5&#8243; shape_divider_position=&#8221;bottom&#8221; shape_type=&#8221;&#8221;][vc_column centered_text=&#8221;true&#8221; column_padding=&#8221;no-extra-padding&#8221; column_padding_position=&#8221;all&#8221; background_color_opacity=&#8221;1&#8243; background_hover_color_opacity=&#8221;1&#8243; column_link_target=&#8221;_self&#8221; column_shadow=&#8221;none&#8221; column_border_radius=&#8221;none&#8221; width=&#8221;1\/6&#8243;&#8230;<\/p>\n","protected":false},"author":1,"featured_media":0,"parent":6247,"menu_order":0,"comment_status":"closed","ping_status":"closed","template":"","meta":{"footnotes":""},"class_list":["post-7513","page","type-page","status-publish"],"yoast_head":"<!-- This site is optimized with the Yoast SEO plugin v27.5 - https:\/\/yoast.com\/product\/yoast-seo-wordpress\/ -->\n<title>Financial market and banking | Gromek i Partnerzy<\/title>\n<meta name=\"description\" content=\"Financial market and banking | Gromek i Partnerzy\" \/>\n<meta name=\"robots\" content=\"index, follow, max-snippet:-1, max-image-preview:large, max-video-preview:-1\" \/>\n<link rel=\"canonical\" href=\"https:\/\/www.giplegal.pl\/en\/specializations\/financial-market-and-banking\/\" \/>\n<meta property=\"og:locale\" content=\"en_US\" \/>\n<meta property=\"og:type\" content=\"article\" \/>\n<meta property=\"og:title\" content=\"Financial market and banking | Gromek i Partnerzy\" \/>\n<meta property=\"og:description\" content=\"Financial market and banking | Gromek i Partnerzy\" \/>\n<meta property=\"og:url\" content=\"https:\/\/www.giplegal.pl\/en\/specializations\/financial-market-and-banking\/\" \/>\n<meta property=\"og:site_name\" content=\"Gromek i Partnerzy - Kancelaria radc\u00f3w prawnych\" \/>\n<meta property=\"article:modified_time\" content=\"2020-03-27T10:13:09+00:00\" \/>\n<meta name=\"twitter:card\" content=\"summary_large_image\" \/>\n<meta name=\"twitter:label1\" content=\"Est. reading time\" \/>\n\t<meta name=\"twitter:data1\" content=\"5 minutes\" \/>\n<script type=\"application\/ld+json\" class=\"yoast-schema-graph\">{\"@context\":\"https:\\\/\\\/schema.org\",\"@graph\":[{\"@type\":\"WebPage\",\"@id\":\"https:\\\/\\\/www.giplegal.pl\\\/en\\\/specializations\\\/financial-market-and-banking\\\/\",\"url\":\"https:\\\/\\\/www.giplegal.pl\\\/en\\\/specializations\\\/financial-market-and-banking\\\/\",\"name\":\"Financial market and banking | Gromek i Partnerzy\",\"isPartOf\":{\"@id\":\"https:\\\/\\\/www.giplegal.pl\\\/#website\"},\"datePublished\":\"2020-02-24T14:11:34+00:00\",\"dateModified\":\"2020-03-27T10:13:09+00:00\",\"description\":\"Financial market and banking | Gromek i Partnerzy\",\"breadcrumb\":{\"@id\":\"https:\\\/\\\/www.giplegal.pl\\\/en\\\/specializations\\\/financial-market-and-banking\\\/#breadcrumb\"},\"inLanguage\":\"en-US\",\"potentialAction\":[{\"@type\":\"ReadAction\",\"target\":[\"https:\\\/\\\/www.giplegal.pl\\\/en\\\/specializations\\\/financial-market-and-banking\\\/\"]}]},{\"@type\":\"BreadcrumbList\",\"@id\":\"https:\\\/\\\/www.giplegal.pl\\\/en\\\/specializations\\\/financial-market-and-banking\\\/#breadcrumb\",\"itemListElement\":[{\"@type\":\"ListItem\",\"position\":1,\"name\":\"Strona g\u0142\u00f3wna\",\"item\":\"https:\\\/\\\/www.giplegal.pl\\\/en\\\/\"},{\"@type\":\"ListItem\",\"position\":2,\"name\":\"Specializations\",\"item\":\"https:\\\/\\\/www.giplegal.pl\\\/en\\\/specializations\\\/\"},{\"@type\":\"ListItem\",\"position\":3,\"name\":\"Financial market and banking\"}]},{\"@type\":\"WebSite\",\"@id\":\"https:\\\/\\\/www.giplegal.pl\\\/#website\",\"url\":\"https:\\\/\\\/www.giplegal.pl\\\/\",\"name\":\"Gromek i Partnerzy - Kancelaria radc\u00f3w prawnych\",\"description\":\"Kancelaria radc\u00f3w prawnych oferuj\u0105ca doradztwo prawne i strategiczne\",\"publisher\":{\"@id\":\"https:\\\/\\\/www.giplegal.pl\\\/#organization\"},\"potentialAction\":[{\"@type\":\"SearchAction\",\"target\":{\"@type\":\"EntryPoint\",\"urlTemplate\":\"https:\\\/\\\/www.giplegal.pl\\\/?s={search_term_string}\"},\"query-input\":{\"@type\":\"PropertyValueSpecification\",\"valueRequired\":true,\"valueName\":\"search_term_string\"}}],\"inLanguage\":\"en-US\"},{\"@type\":\"Organization\",\"@id\":\"https:\\\/\\\/www.giplegal.pl\\\/#organization\",\"name\":\"Gromek i Partnerzy\",\"url\":\"https:\\\/\\\/www.giplegal.pl\\\/\",\"logo\":{\"@type\":\"ImageObject\",\"inLanguage\":\"en-US\",\"@id\":\"https:\\\/\\\/www.giplegal.pl\\\/#\\\/schema\\\/logo\\\/image\\\/\",\"url\":\"https:\\\/\\\/i0.wp.com\\\/www.giplegal.pl\\\/wp-content\\\/uploads\\\/2018\\\/11\\\/GIP-logo-new-blue.png?fit=1623%2C391&ssl=1\",\"contentUrl\":\"https:\\\/\\\/i0.wp.com\\\/www.giplegal.pl\\\/wp-content\\\/uploads\\\/2018\\\/11\\\/GIP-logo-new-blue.png?fit=1623%2C391&ssl=1\",\"width\":1623,\"height\":391,\"caption\":\"Gromek i Partnerzy\"},\"image\":{\"@id\":\"https:\\\/\\\/www.giplegal.pl\\\/#\\\/schema\\\/logo\\\/image\\\/\"},\"sameAs\":[\"https:\\\/\\\/www.linkedin.com\\\/company\\\/giplegal\"]}]}<\/script>\n<!-- \/ Yoast SEO plugin. -->","yoast_head_json":{"title":"Financial market and banking | Gromek i Partnerzy","description":"Financial market and banking | Gromek i Partnerzy","robots":{"index":"index","follow":"follow","max-snippet":"max-snippet:-1","max-image-preview":"max-image-preview:large","max-video-preview":"max-video-preview:-1"},"canonical":"https:\/\/www.giplegal.pl\/en\/specializations\/financial-market-and-banking\/","og_locale":"en_US","og_type":"article","og_title":"Financial market and banking | Gromek i Partnerzy","og_description":"Financial market and banking | Gromek i Partnerzy","og_url":"https:\/\/www.giplegal.pl\/en\/specializations\/financial-market-and-banking\/","og_site_name":"Gromek i Partnerzy - Kancelaria radc\u00f3w prawnych","article_modified_time":"2020-03-27T10:13:09+00:00","twitter_card":"summary_large_image","twitter_misc":{"Est. reading time":"5 minutes"},"schema":{"@context":"https:\/\/schema.org","@graph":[{"@type":"WebPage","@id":"https:\/\/www.giplegal.pl\/en\/specializations\/financial-market-and-banking\/","url":"https:\/\/www.giplegal.pl\/en\/specializations\/financial-market-and-banking\/","name":"Financial market and banking | Gromek i Partnerzy","isPartOf":{"@id":"https:\/\/www.giplegal.pl\/#website"},"datePublished":"2020-02-24T14:11:34+00:00","dateModified":"2020-03-27T10:13:09+00:00","description":"Financial market and banking | Gromek i Partnerzy","breadcrumb":{"@id":"https:\/\/www.giplegal.pl\/en\/specializations\/financial-market-and-banking\/#breadcrumb"},"inLanguage":"en-US","potentialAction":[{"@type":"ReadAction","target":["https:\/\/www.giplegal.pl\/en\/specializations\/financial-market-and-banking\/"]}]},{"@type":"BreadcrumbList","@id":"https:\/\/www.giplegal.pl\/en\/specializations\/financial-market-and-banking\/#breadcrumb","itemListElement":[{"@type":"ListItem","position":1,"name":"Strona g\u0142\u00f3wna","item":"https:\/\/www.giplegal.pl\/en\/"},{"@type":"ListItem","position":2,"name":"Specializations","item":"https:\/\/www.giplegal.pl\/en\/specializations\/"},{"@type":"ListItem","position":3,"name":"Financial market and banking"}]},{"@type":"WebSite","@id":"https:\/\/www.giplegal.pl\/#website","url":"https:\/\/www.giplegal.pl\/","name":"Gromek i Partnerzy - Kancelaria radc\u00f3w prawnych","description":"Kancelaria radc\u00f3w prawnych oferuj\u0105ca doradztwo prawne i strategiczne","publisher":{"@id":"https:\/\/www.giplegal.pl\/#organization"},"potentialAction":[{"@type":"SearchAction","target":{"@type":"EntryPoint","urlTemplate":"https:\/\/www.giplegal.pl\/?s={search_term_string}"},"query-input":{"@type":"PropertyValueSpecification","valueRequired":true,"valueName":"search_term_string"}}],"inLanguage":"en-US"},{"@type":"Organization","@id":"https:\/\/www.giplegal.pl\/#organization","name":"Gromek i Partnerzy","url":"https:\/\/www.giplegal.pl\/","logo":{"@type":"ImageObject","inLanguage":"en-US","@id":"https:\/\/www.giplegal.pl\/#\/schema\/logo\/image\/","url":"https:\/\/i0.wp.com\/www.giplegal.pl\/wp-content\/uploads\/2018\/11\/GIP-logo-new-blue.png?fit=1623%2C391&ssl=1","contentUrl":"https:\/\/i0.wp.com\/www.giplegal.pl\/wp-content\/uploads\/2018\/11\/GIP-logo-new-blue.png?fit=1623%2C391&ssl=1","width":1623,"height":391,"caption":"Gromek i Partnerzy"},"image":{"@id":"https:\/\/www.giplegal.pl\/#\/schema\/logo\/image\/"},"sameAs":["https:\/\/www.linkedin.com\/company\/giplegal"]}]}},"_links":{"self":[{"href":"https:\/\/www.giplegal.pl\/en\/wp-json\/wp\/v2\/pages\/7513\/"}],"collection":[{"href":"https:\/\/www.giplegal.pl\/en\/wp-json\/wp\/v2\/pages\/"}],"about":[{"href":"https:\/\/www.giplegal.pl\/en\/wp-json\/wp\/v2\/types\/page\/"}],"author":[{"embeddable":true,"href":"https:\/\/www.giplegal.pl\/en\/wp-json\/wp\/v2\/users\/1\/"}],"replies":[{"embeddable":true,"href":"https:\/\/www.giplegal.pl\/en\/wp-json\/wp\/v2\/comments\/?post=7513"}],"version-history":[{"count":6,"href":"https:\/\/www.giplegal.pl\/en\/wp-json\/wp\/v2\/pages\/7513\/revisions\/"}],"predecessor-version":[{"id":7659,"href":"https:\/\/www.giplegal.pl\/en\/wp-json\/wp\/v2\/pages\/7513\/revisions\/7659\/"}],"up":[{"embeddable":true,"href":"https:\/\/www.giplegal.pl\/en\/wp-json\/wp\/v2\/pages\/6247\/"}],"wp:attachment":[{"href":"https:\/\/www.giplegal.pl\/en\/wp-json\/wp\/v2\/media\/?parent=7513"}],"curies":[{"name":"wp","href":"https:\/\/api.w.org\/{rel}","templated":true}]}}