{"id":6201,"date":"2017-10-09T19:41:55","date_gmt":"2017-10-09T17:41:55","guid":{"rendered":"http:\/\/digibee.hekko24.pl\/kontakt\/"},"modified":"2020-02-25T15:36:00","modified_gmt":"2020-02-25T14:36:00","slug":"contact","status":"publish","type":"page","link":"https:\/\/www.giplegal.pl\/en\/contact\/","title":{"rendered":"Contact"},"content":{"rendered":"[vc_row type=&#8221;full_width_content&#8221; full_screen_row_position=&#8221;full_height&#8221; scene_position=&#8221;center&#8221; text_color=&#8221;light&#8221; text_align=&#8221;left&#8221; top_padding=&#8221;33&#8243; overlay_strength=&#8221;0.3&#8243; shape_divider_position=&#8221;bottom&#8221;][vc_column column_padding=&#8221;no-extra-padding&#8221; column_padding_position=&#8221;all&#8221; background_color_opacity=&#8221;1&#8243; background_hover_color_opacity=&#8221;1&#8243; font_color=&#8221;#000000&#8243; column_link_target=&#8221;_self&#8221; column_shadow=&#8221;none&#8221; column_border_radius=&#8221;none&#8221; width=&#8221;1\/2&#8243; tablet_width_inherit=&#8221;default&#8221; tablet_text_alignment=&#8221;default&#8221; phone_text_alignment=&#8221;default&#8221; column_border_width=&#8221;none&#8221; column_border_style=&#8221;solid&#8221;][nectar_gmap map_type=&#8221;google&#8221; zoom=&#8221;13&#8243; marker_style=&#8221;nectar&#8221; nectar_marker_color=&#8221;accent-color&#8221; marker_animation=&#8221;1&#8243; map_greyscale=&#8221;1&#8243; size=&#8221;806&#8243; map_center_lat=&#8221;52.202074&#8243; map_center_lng=&#8221;21.013505&#8243; map_markers=&#8221;52.202074|21.013505|Kancelaria&#8221;][\/vc_column][vc_column column_padding=&#8221;padding-3-percent&#8221; column_padding_position=&#8221;all&#8221; background_color=&#8221;#585b64&#8243; background_color_opacity=&#8221;1&#8243; background_hover_color_opacity=&#8221;1&#8243; font_color=&#8221;#ffffff&#8221; column_link_target=&#8221;_self&#8221; column_shadow=&#8221;none&#8221; column_border_radius=&#8221;none&#8221; width=&#8221;1\/2&#8243; tablet_width_inherit=&#8221;default&#8221; tablet_text_alignment=&#8221;default&#8221; phone_text_alignment=&#8221;default&#8221; column_border_width=&#8221;none&#8221; column_border_style=&#8221;solid&#8221;][vc_column_text css=&#8221;.vc_custom_1582641347513{padding-bottom: 22px !important;}&#8221;]\n<h2>Write to us<\/h2>\n[\/vc_column_text][vc_column_text css=&#8221;.vc_custom_1582641323636{padding-bottom: 22px !important;}&#8221;]<div data-uniq='69e4c56346025' class='uniq-69e4c56346025 formcraft-css form-live align-left'><script> window.formcraftLogic = window.formcraftLogic || {}; window.formcraftLogic[6] = []; <\/script><div class=\"fc-pagination-cover fc-pagination-1\">\n\t\t\t\t<div class=\"fc-pagination width-100\">\n\t\t\t\t\t<!-- ngRepeat: page in Builder.FormElements track by $index --><div class=\"pagination-trigger \" data-index=\"0\">\n\t\t\t\t\t\t<span class=\"page-number\"><span >1<\/span><\/span>\n\t\t\t\t\t\t<span class=\"page-name \"><\/span>\n\t\t\t\t\t\t\n\t\t\t\t\t<\/div><!-- end ngRepeat: page in Builder.FormElements track by $index -->\n\t\t\t\t<\/div>\n\t\t\t<\/div>\n\t\t\t\n\t\t\t<style scoped=\"scoped\" >\n\t\t\t@media (max-width : 480px) {\n\t\t\t\t.fc_modal-dialog-6 .fc-pagination-cover .fc-pagination\n\t\t\t\t{\n\t\t\t\t\tbackground-color: #585b64 !important;\n\t\t\t\t}\n\t\t\t}\n\t\t\t\t\t\t.formcraft-css .fc-form.fc-form-6 .form-element .submit-cover .submit-button,\n\t\t\t.formcraft-css .fc-form.fc-form-6 .form-element .fileupload-cover .button-file,\n\t\t\t.formcraft-css .fc-form.fc-form-6 .form-element .field-cover .button,\n\t\t\t.formcraft-datepicker .ui-datepicker-header,\n\t\t\t.formcraft-datepicker .ui-datepicker-title\n\t\t\t{\n\t\t\t\tbackground: #ffffff;\n\t\t\t\tcolor: #000000;\n\t\t\t}\n\t\t\t.formcraft-datepicker td .ui-state-active,\n\t\t\t.formcraft-datepicker td .ui-state-hover,\n\t\t\t.formcraft-css .fc-form.fc-form-6 .form-element .slider-cover .ui-slider-range\n\t\t\t{\n\t\t\t\tbackground: #ffffff;\n\t\t\t}\n\t\t\t#ui-datepicker-div.formcraft-datepicker .ui-datepicker-header,\n\t\t\t.formcraft-css .fc-form .field-cover>div.full hr\n\t\t\t{\n\t\t\t\tborder-color: #e0e0e0;\n\t\t\t}\n\t\t\t#ui-datepicker-div.formcraft-datepicker .ui-datepicker-prev:hover,\n\t\t\t#ui-datepicker-div.formcraft-datepicker .ui-datepicker-next:hover,\n\t\t\t#ui-datepicker-div.formcraft-datepicker select.ui-datepicker-month:hover,\n\t\t\t#ui-datepicker-div.formcraft-datepicker select.ui-datepicker-year:hover\n\t\t\t{\n\t\t\t\tbackground-color: #e0e0e0;\n\t\t\t}\n\t\t\t.formcraft-css .fc-pagination>div.active .page-number,\n\t\t\t.formcraft-css .form-cover-builder .fc-pagination>div:first-child .page-number\n\t\t\t{\n\t\t\t\tbackground-color: #4488ee;\n\t\t\t\tcolor: #000000;\n\t\t\t}\n\t\t\t#ui-datepicker-div.formcraft-datepicker table.ui-datepicker-calendar th,\n\t\t\t#ui-datepicker-div.formcraft-datepicker table.ui-datepicker-calendar td.ui-datepicker-today a,\n\t\t\t.formcraft-css .fc-form.fc-form-6 .form-element .star-cover label,\n\t\t\thtml .formcraft-css .fc-form.label-floating .form-element .field-cover.has-focus>span,\n\t\t\t.formcraft-css .fc-form.fc-form-6 .form-element .customText-cover a,\n\t\t\t.formcraft-css .prev-next>div span:hover\n\t\t\t{\n\t\t\t\tcolor: #ffffff;\n\t\t\t}\n\t\t\t.formcraft-css .fc-form.fc-form-6 .form-element .customText-cover a:hover\n\t\t\t{\n\t\t\t\tcolor: #e0e0e0;\n\t\t\t}\n\t\t\thtml .formcraft-css .fc-form.fc-form-6.label-floating .form-element .field-cover > span\n\t\t\t{\n\t\t\t\tcolor: #ffffff;\n\t\t\t}\n\t\t\thtml .formcraft-css .fc-form .final-success .final-success-check {\n\t\t\t\tborder: 2px solid #ffffff;\n\t\t\t}\n\t\t\t.formcraft-css .fc-form.fc-form-6 .form-element .field-cover input[type=\"text\"],\n\t\t\t.formcraft-css .fc-form.fc-form-6 .form-element .field-cover input[type=\"email\"],\n\t\t\t.formcraft-css .fc-form.fc-form-6 .form-element .field-cover input[type=\"password\"],\n\t\t\t.formcraft-css .fc-form.fc-form-6 .form-element .field-cover input[type=\"tel\"],\n\t\t\t.formcraft-css .fc-form.fc-form-6 .form-element .field-cover textarea,\n\t\t\t.formcraft-css .fc-form.fc-form-6 .form-element .field-cover select,\n\t\t\t.formcraft-css .fc-form.fc-form-6 .form-element .field-cover .time-fields-cover,\n\t\t\t.formcraft-css .fc-form.fc-form-6 .form-element .field-cover .awesomplete ul\n\t\t\t{\n\t\t\t\tcolor: #ffffff;\n\t\t\t}\n\t\t\t.formcraft-css .fc-form.fc-form-6 .form-element .field-cover input[type=\"text\"],\n\t\t\t.formcraft-css .fc-form.fc-form-6 .form-element .field-cover input[type=\"password\"],\n\t\t\t.formcraft-css .fc-form.fc-form-6 .form-element .field-cover input[type=\"email\"],\n\t\t\t.formcraft-css .fc-form.fc-form-6 .form-element .field-cover input[type=\"radio\"],\n\t\t\t.formcraft-css .fc-form.fc-form-6 .form-element .field-cover input[type=\"checkbox\"],\n\t\t\t.formcraft-css .fc-form.fc-form-6 .form-element .field-cover input[type=\"tel\"],\n\t\t\t.formcraft-css .fc-form.fc-form-6 .form-element .field-cover select,\n\t\t\t.formcraft-css .fc-form.fc-form-6 .form-element .field-cover textarea\n\t\t\t{\n\t\t\t\tbackground-color: #ffffff;\n\t\t\t}\n\t\t\t.formcraft-css .fc-form.fc-form-6 .form-element .field-cover input[type=\"radio\"]:checked,\n\t\t\t.formcraft-css .fc-form.fc-form-6 .form-element .field-cover input[type=\"checkbox\"]:checked {\n\t\t\t\tborder-color: #e0e0e0;\n\t\t\t\tbackground: #ffffff;\t\t\t\t\n\t\t\t}\n\t\t\t.formcraft-css .fc-form.fc-form-6 .form-element .star-cover label .star\n\t\t\t{\n\t\t\t\ttext-shadow: 0px 1px 0px #e0e0e0;\n\t\t\t}\n\t\t\t.formcraft-css .fc-form.fc-form-6 .form-element .slider-cover .ui-slider-range\n\t\t\t{\n\t\t\t\tbox-shadow: 0px 1px 1px #e0e0e0 inset;\n\t\t\t}\n\t\t\t.formcraft-css .fc-form.fc-form-6 .form-element .fileupload-cover .button-file\n\t\t\t{\n\t\t\t\tborder-color: #e0e0e0;\n\t\t\t}\n\t\t\t.formcraft-css .fc-form.fc-form-6 .form-element .form-element-html input[type=\"password\"]:focus,\n\t\t\t.formcraft-css .fc-form.fc-form-6 .form-element .form-element-html input[type=\"email\"]:focus,\n\t\t\t.formcraft-css .fc-form.fc-form-6 .form-element .form-element-html input[type=\"tel\"]:focus,\n\t\t\t.formcraft-css .fc-form.fc-form-6 .form-element .form-element-html input[type=\"text\"]:focus,\n\t\t\t.formcraft-css .fc-form.fc-form-6 .form-element .form-element-html textarea:focus,\n\t\t\t.formcraft-css .fc-form.fc-form-6 .form-element .form-element-html select:focus\n\t\t\t{\n\t\t\t\tborder-color: #ffffff;\n\t\t\t}\n\t\t\t.formcraft-css .fc-form.fc-form-6 .form-element .form-element-html .field-cover .is-read-only:focus {\n\t\t\t\tborder-color: #ccc;\n\t\t\t}\n\t\t\t.formcraft-css .fc-form.fc-form-6\t\t\t{\n\t\t\t\tfont-family: inherit;\n\t\t\t}\n\t\t\t@media (max-width : 480px) {\n\t\t\t\thtml .dedicated-page,\n\t\t\t\thtml .dedicated-page .formcraft-css .fc-pagination > div.active\n\t\t\t\t{\n\t\t\t\t\tbackground: #585b64;\n\t\t\t\t}\n\t\t\t}\n\t\t<\/style>\n\t\t<div class=\"form-cover\">\n\t\t\t<form data-auto-scroll=\"\" data-no-message-redirect=\"\" data-thousand=\"\" data-decimal=\".\" data-delay=\"\" data-id=\"6\" class=\"fc-form fc-form-6 align- fc-temp-class save-form- dont-submit-hidden- remove-asterisk- icons-hide- disable-enter- label-floating field-border-visible frame-visible field-alignment-left\" style=\"width: 800px; color: #ffffff; font-size: 100%; background: #585b64\">\n\t\t\t\t<!-- ngRepeat: page in Builder.FormElements track by $index --><div class=\"form-page form-page-0\" data-index=\"0\">\n\t\t\t\t\t\n\t\t\t\t\t<div class=\"form-page-content      ng-not-empty\">\n\t\t\t\t\t\t<div data-identifier=\"field9\" data-index=\"0\" style=\"width: 100%\" class=\" form-element form-element-field9 options-false form-element-0 default-false form-element-type-oneLineText is-required-true odd -handle\">\n\t\t\t\t\t\t\t<div class=\"form-element-html\"><div ><label class=\"oneLineText-cover field-cover \"><span class=\"sub-label-false\"><span class=\"main-label\"><span >Name<\/span><\/span><span class=\"sub-label\"><\/span><\/span><div><span class=\"error\"><\/span><input type=\"text\" placeholder=\"\" make-read-only=\"\" data-field-id=\"field9\" name=\"field9[]\" data-min-char=\"\" data-max-char=\"\" data-val-type=\"\" data-regexp=\"\" data-is-required=\"true\" data-allow-spaces=\"\" class=\"validation-lenient\" data-placement=\"right\" data-toggle=\"tooltip\" tooltip=\"\" data-trigger=\"focus\" data-html=\"true\" data-input-mask=\"\" data-mask-placeholder=\"\" data-original-title=\"\"><i class=\"formcraft-icon formcraft-icon-type-no-icon\">no-icon<\/i><\/div><\/label><\/div><\/div>\n\t\t\t\t\t\t\t\n\t\t\t\t\t\t<\/div><div data-identifier=\"field10\" data-index=\"1\" style=\"width: 100%\" class=\" even form-element form-element-field10 options-false form-element-1 default-false form-element-type-email is-required-true -handle\">\n\t\t\t\t\t\t\t<div class=\"form-element-html\"><div ><label class=\"email-cover field-cover \"><span class=\"sub-label-true\"><span class=\"main-label\"><span >Email<\/span><\/span><span class=\"sub-label\"><span >a valid email<\/span><\/span><\/span><div><span class=\"error\"><\/span><input placeholder=\"\" data-field-id=\"field10\" type=\"text\" data-val-type=\"email\" make-read-only=\"\" data-is-required=\"true\" name=\"field10\" class=\"validation-lenient\" data-placement=\"right\" data-toggle=\"tooltip\" tooltip=\"\" data-trigger=\"focus\" data-html=\"true\" data-original-title=\"\"><i class=\"formcraft-icon\">email<\/i><\/div><\/label><\/div><\/div>\n\t\t\t\t\t\t\t\n\t\t\t\t\t\t<\/div><div data-identifier=\"field11\" data-index=\"2\" style=\"width: 100%\" class=\" form-element form-element-field11 options-false form-element-2 default-false form-element-type-textarea is-required-true odd -handle\">\n\t\t\t\t\t\t\t<div class=\"form-element-html\"><div ><label class=\"textarea-cover field-cover \"><span class=\"sub-label-false\"><span class=\"main-label\"><span >Message<\/span><\/span><span class=\"sub-label\"><\/span><\/span><div><span class=\"error\"><\/span><textarea data-field-id=\"field11\" placeholder=\"\" class=\"validation-lenient\" name=\"field11\" value=\"\" rows=\"5\" data-min-char=\"\" data-max-char=\"\" data-is-required=\"true\" data-placement=\"right\" data-toggle=\"tooltip\" tooltip=\"\" data-trigger=\"focus\" data-html=\"true\" data-original-title=\"\" style=\"min-height: 107.938px\"><\/textarea><div class=\"count-\"><span class=\"current-count\">0<\/span> \/ <span class=\"max-count \"><\/span><\/div><\/div><\/label><\/div><\/div>\n\t\t\t\t\t\t\t\n\t\t\t\t\t\t<\/div><div data-identifier=\"field5\" data-index=\"3\" style=\"width: 100%\" class=\" even form-element form-element-field5 options-true form-element-3 default-false form-element-type-checkbox is-required-true -handle\">\n\t\t\t\t\t\t\t<div class=\"form-element-html\"><div ><div class=\"images- checkbox-cover field-cover\"><span class=\"sub-label-false\"><span class=\"main-label\"><\/span><span class=\"sub-label\"><\/span><\/span><div data-placement=\"right\" data-toggle=\"tooltip\" tooltip=\"\" data-trigger=\"hover\" data-html=\"true\" data-original-title=\"\"><span class=\"error\"><\/span><label style=\"width:\" ><img alt=\"\"><input data-field-id=\"field5\" type=\"checkbox\" data-is-required=\"true\" name=\"field5[]\" value=\"&lt;font color=&quot;white&quot;&gt;I consent to the processing of my personal data to the above-mentioned extent by \u201cGromek i Partnerzy\u201d Kancelaria Radc\u00f3w Prawnych with its registered office in Warsaw, Al. Przyjaci\u00f3\u0142 4\/4, 00-565 Warsaw, as the data controller for the purpose of adding my data and sending my CV to the controller\u2019s recruitment database. I have been informed that I may withdraw this consent at any time. Withdrawal of consent does not affect the lawfulness of the processing based on the consent before its withdrawal. Detailed information can be found in the Privacy Policy.&lt;\/font&gt;\" class=\"validation-lenient\"><span><font color=\"white\" >I consent to the processing of my personal data to the above-mentioned extent by \u201cGromek i Partnerzy\u201d Kancelaria Radc\u00f3w Prawnych with its registered office in Warsaw, Al. Przyjaci\u00f3\u0142 4\/4, 00-565 Warsaw, as the data controller for the purpose of adding my data and sending my CV to the controller\u2019s recruitment database. I have been informed that I may withdraw this consent at any time. Withdrawal of consent does not affect the lawfulness of the processing based on the consent before its withdrawal. Detailed information can be found in the Privacy Policy.<\/font><\/span><\/label><\/div><\/div><\/div><\/div>\n\t\t\t\t\t\t\t\n\t\t\t\t\t\t<\/div><div data-identifier=\"field12\" data-index=\"4\" style=\"width: 100%\" class=\" form-element form-element-field12 options-false form-element-4 default-false form-element-type-checkbox is-required-true odd -handle\">\n\t\t\t\t\t\t\t<div class=\"form-element-html\"><div ><div class=\"images- checkbox-cover field-cover\"><span class=\"sub-label-false\"><span class=\"main-label\"><\/span><span class=\"sub-label\"><\/span><\/span><div data-placement=\"right\" data-toggle=\"tooltip\" tooltip=\"\" data-trigger=\"hover\" data-html=\"true\" data-original-title=\"\"><span class=\"error\"><\/span><label style=\"width:\" ><img alt=\"\"><input data-field-id=\"field12\" type=\"checkbox\" data-is-required=\"true\" name=\"field12[]\" value=\"&lt;font color=&quot;white&quot;&gt;I have read and accepted the  &lt;a href=&quot;https:\/\/www.giplegal.pl\/en\/privacy-policy\/&quot;&gt;Privacy Policy&lt;\/a&gt;.&lt;\/font&gt;\" class=\"validation-lenient\"><span><font color=\"white\" >I have read and accepted the  <a href=\"https:\/\/www.giplegal.pl\/en\/privacy-policy\/\">Privacy Policy<\/a>.<\/font><\/span><\/label><\/div><\/div><\/div><\/div>\n\t\t\t\t\t\t\t\n\t\t\t\t\t\t<\/div><div data-identifier=\"field4\" data-index=\"5\" style=\"width: 100%\" class=\" even form-element form-element-field4 options-false form-element-5 default-false form-element-type-submit is-required-false -handle\">\n\t\t\t\t\t\t\t<div class=\"form-element-html\"><div ><div class=\"align-center wide-false submit-cover field-cover\"><button type=\"submit\" class=\"button submit-button\"><span class=\"text \">Send<\/span><span class=\"spin-cover\"><i style=\"color:\" class=\"loading-icon icon-cog animate-spin\"><\/i><\/span><\/button><\/div><div class=\"submit-response \"><\/div><label ><input type=\"text\" class=\"required_field\" name=\"website\" autocomplete=\"maple-syrup-pot\"><\/label><\/div><\/div>\n\t\t\t\t\t\t\t\n\t\t\t\t\t\t<\/div>\n\t\t\t\t\t<\/div>\n\t\t\t\t<\/div><!-- end ngRepeat: page in Builder.FormElements track by $index -->\n\t\t\t<\/form>\n\t\t\t<div class=\"prev-next prev-next-1\" style=\"width: 800px; color: #ffffff; font-size: 100%; background: #585b64\">\n\t\t\t\t<div>\n\t\t\t\t\t\n\t\t\t\t\t<span class=\"inactive page-prev \"><i class=\"formcraft-icon\">keyboard_arrow_left<\/i>Previous<\/span><\/div>\n\t\t\t\t<div>\n\t\t\t\t\t\n\t\t\t\t\t<span class=\"page-next \">Next<i class=\"formcraft-icon\">keyboard_arrow_right<\/i><\/span><\/div>\n\t\t\t<\/div>\n\t\t<\/div><\/div>[\/vc_column_text][\/vc_column][\/vc_row]\n","protected":false},"excerpt":{"rendered":"<p>[vc_row type=&#8221;full_width_content&#8221; full_screen_row_position=&#8221;full_height&#8221; scene_position=&#8221;center&#8221; text_color=&#8221;light&#8221; text_align=&#8221;left&#8221; top_padding=&#8221;33&#8243; overlay_strength=&#8221;0.3&#8243; shape_divider_position=&#8221;bottom&#8221;][vc_column column_padding=&#8221;no-extra-padding&#8221; column_padding_position=&#8221;all&#8221; background_color_opacity=&#8221;1&#8243; background_hover_color_opacity=&#8221;1&#8243; font_color=&#8221;#000000&#8243; column_link_target=&#8221;_self&#8221; column_shadow=&#8221;none&#8221; column_border_radius=&#8221;none&#8221; width=&#8221;1\/2&#8243; tablet_width_inherit=&#8221;default&#8221; tablet_text_alignment=&#8221;default&#8221; phone_text_alignment=&#8221;default&#8221; column_border_width=&#8221;none&#8221; column_border_style=&#8221;solid&#8221;][nectar_gmap map_type=&#8221;google&#8221; zoom=&#8221;13&#8243; marker_style=&#8221;nectar&#8221; nectar_marker_color=&#8221;accent-color&#8221; marker_animation=&#8221;1&#8243; map_greyscale=&#8221;1&#8243; size=&#8221;806&#8243;&#8230;<\/p>\n","protected":false},"author":1,"featured_media":0,"parent":0,"menu_order":0,"comment_status":"closed","ping_status":"closed","template":"","meta":{"footnotes":""},"class_list":["post-6201","page","type-page","status-publish"],"yoast_head":"<!-- This site is optimized with the Yoast SEO plugin v27.4 - https:\/\/yoast.com\/product\/yoast-seo-wordpress\/ -->\n<title>Contact | Gromek i Partnerzy<\/title>\n<meta name=\"description\" content=\"Contact | Gromek i Partnerzy\" \/>\n<meta name=\"robots\" content=\"index, follow, max-snippet:-1, max-image-preview:large, max-video-preview:-1\" \/>\n<link rel=\"canonical\" href=\"https:\/\/www.giplegal.pl\/en\/contact\/\" \/>\n<meta property=\"og:locale\" content=\"en_US\" \/>\n<meta property=\"og:type\" content=\"article\" \/>\n<meta property=\"og:title\" content=\"Contact | Gromek i Partnerzy\" \/>\n<meta property=\"og:description\" content=\"Contact | Gromek i Partnerzy\" \/>\n<meta property=\"og:url\" content=\"https:\/\/www.giplegal.pl\/en\/contact\/\" \/>\n<meta property=\"og:site_name\" content=\"Gromek i Partnerzy - Kancelaria radc\u00f3w prawnych\" \/>\n<meta property=\"article:modified_time\" content=\"2020-02-25T14:36:00+00:00\" \/>\n<meta name=\"twitter:card\" content=\"summary_large_image\" \/>\n<meta name=\"twitter:label1\" content=\"Est. reading time\" \/>\n\t<meta name=\"twitter:data1\" content=\"1 minute\" \/>\n<script type=\"application\/ld+json\" class=\"yoast-schema-graph\">{\"@context\":\"https:\\\/\\\/schema.org\",\"@graph\":[{\"@type\":\"WebPage\",\"@id\":\"https:\\\/\\\/www.giplegal.pl\\\/en\\\/contact\\\/\",\"url\":\"https:\\\/\\\/www.giplegal.pl\\\/en\\\/contact\\\/\",\"name\":\"Contact | Gromek i Partnerzy\",\"isPartOf\":{\"@id\":\"https:\\\/\\\/www.giplegal.pl\\\/#website\"},\"datePublished\":\"2017-10-09T17:41:55+00:00\",\"dateModified\":\"2020-02-25T14:36:00+00:00\",\"description\":\"Contact | Gromek i Partnerzy\",\"breadcrumb\":{\"@id\":\"https:\\\/\\\/www.giplegal.pl\\\/en\\\/contact\\\/#breadcrumb\"},\"inLanguage\":\"en-US\",\"potentialAction\":[{\"@type\":\"ReadAction\",\"target\":[\"https:\\\/\\\/www.giplegal.pl\\\/en\\\/contact\\\/\"]}]},{\"@type\":\"BreadcrumbList\",\"@id\":\"https:\\\/\\\/www.giplegal.pl\\\/en\\\/contact\\\/#breadcrumb\",\"itemListElement\":[{\"@type\":\"ListItem\",\"position\":1,\"name\":\"Strona g\u0142\u00f3wna\",\"item\":\"https:\\\/\\\/www.giplegal.pl\\\/en\\\/\"},{\"@type\":\"ListItem\",\"position\":2,\"name\":\"Contact\"}]},{\"@type\":\"WebSite\",\"@id\":\"https:\\\/\\\/www.giplegal.pl\\\/#website\",\"url\":\"https:\\\/\\\/www.giplegal.pl\\\/\",\"name\":\"Gromek i Partnerzy - Kancelaria radc\u00f3w prawnych\",\"description\":\"Kancelaria radc\u00f3w prawnych oferuj\u0105ca doradztwo prawne i strategiczne\",\"publisher\":{\"@id\":\"https:\\\/\\\/www.giplegal.pl\\\/#organization\"},\"potentialAction\":[{\"@type\":\"SearchAction\",\"target\":{\"@type\":\"EntryPoint\",\"urlTemplate\":\"https:\\\/\\\/www.giplegal.pl\\\/?s={search_term_string}\"},\"query-input\":{\"@type\":\"PropertyValueSpecification\",\"valueRequired\":true,\"valueName\":\"search_term_string\"}}],\"inLanguage\":\"en-US\"},{\"@type\":\"Organization\",\"@id\":\"https:\\\/\\\/www.giplegal.pl\\\/#organization\",\"name\":\"Gromek i Partnerzy\",\"url\":\"https:\\\/\\\/www.giplegal.pl\\\/\",\"logo\":{\"@type\":\"ImageObject\",\"inLanguage\":\"en-US\",\"@id\":\"https:\\\/\\\/www.giplegal.pl\\\/#\\\/schema\\\/logo\\\/image\\\/\",\"url\":\"https:\\\/\\\/i0.wp.com\\\/www.giplegal.pl\\\/wp-content\\\/uploads\\\/2018\\\/11\\\/GIP-logo-new-blue.png?fit=1623%2C391&ssl=1\",\"contentUrl\":\"https:\\\/\\\/i0.wp.com\\\/www.giplegal.pl\\\/wp-content\\\/uploads\\\/2018\\\/11\\\/GIP-logo-new-blue.png?fit=1623%2C391&ssl=1\",\"width\":1623,\"height\":391,\"caption\":\"Gromek i Partnerzy\"},\"image\":{\"@id\":\"https:\\\/\\\/www.giplegal.pl\\\/#\\\/schema\\\/logo\\\/image\\\/\"},\"sameAs\":[\"https:\\\/\\\/www.linkedin.com\\\/company\\\/giplegal\"]}]}<\/script>\n<!-- \/ Yoast SEO plugin. -->","yoast_head_json":{"title":"Contact | Gromek i Partnerzy","description":"Contact | Gromek i Partnerzy","robots":{"index":"index","follow":"follow","max-snippet":"max-snippet:-1","max-image-preview":"max-image-preview:large","max-video-preview":"max-video-preview:-1"},"canonical":"https:\/\/www.giplegal.pl\/en\/contact\/","og_locale":"en_US","og_type":"article","og_title":"Contact | Gromek i Partnerzy","og_description":"Contact | Gromek i Partnerzy","og_url":"https:\/\/www.giplegal.pl\/en\/contact\/","og_site_name":"Gromek i Partnerzy - Kancelaria radc\u00f3w prawnych","article_modified_time":"2020-02-25T14:36:00+00:00","twitter_card":"summary_large_image","twitter_misc":{"Est. reading time":"1 minute"},"schema":{"@context":"https:\/\/schema.org","@graph":[{"@type":"WebPage","@id":"https:\/\/www.giplegal.pl\/en\/contact\/","url":"https:\/\/www.giplegal.pl\/en\/contact\/","name":"Contact | Gromek i Partnerzy","isPartOf":{"@id":"https:\/\/www.giplegal.pl\/#website"},"datePublished":"2017-10-09T17:41:55+00:00","dateModified":"2020-02-25T14:36:00+00:00","description":"Contact | Gromek i Partnerzy","breadcrumb":{"@id":"https:\/\/www.giplegal.pl\/en\/contact\/#breadcrumb"},"inLanguage":"en-US","potentialAction":[{"@type":"ReadAction","target":["https:\/\/www.giplegal.pl\/en\/contact\/"]}]},{"@type":"BreadcrumbList","@id":"https:\/\/www.giplegal.pl\/en\/contact\/#breadcrumb","itemListElement":[{"@type":"ListItem","position":1,"name":"Strona g\u0142\u00f3wna","item":"https:\/\/www.giplegal.pl\/en\/"},{"@type":"ListItem","position":2,"name":"Contact"}]},{"@type":"WebSite","@id":"https:\/\/www.giplegal.pl\/#website","url":"https:\/\/www.giplegal.pl\/","name":"Gromek i Partnerzy - Kancelaria radc\u00f3w prawnych","description":"Kancelaria radc\u00f3w prawnych oferuj\u0105ca doradztwo prawne i strategiczne","publisher":{"@id":"https:\/\/www.giplegal.pl\/#organization"},"potentialAction":[{"@type":"SearchAction","target":{"@type":"EntryPoint","urlTemplate":"https:\/\/www.giplegal.pl\/?s={search_term_string}"},"query-input":{"@type":"PropertyValueSpecification","valueRequired":true,"valueName":"search_term_string"}}],"inLanguage":"en-US"},{"@type":"Organization","@id":"https:\/\/www.giplegal.pl\/#organization","name":"Gromek i Partnerzy","url":"https:\/\/www.giplegal.pl\/","logo":{"@type":"ImageObject","inLanguage":"en-US","@id":"https:\/\/www.giplegal.pl\/#\/schema\/logo\/image\/","url":"https:\/\/i0.wp.com\/www.giplegal.pl\/wp-content\/uploads\/2018\/11\/GIP-logo-new-blue.png?fit=1623%2C391&ssl=1","contentUrl":"https:\/\/i0.wp.com\/www.giplegal.pl\/wp-content\/uploads\/2018\/11\/GIP-logo-new-blue.png?fit=1623%2C391&ssl=1","width":1623,"height":391,"caption":"Gromek i Partnerzy"},"image":{"@id":"https:\/\/www.giplegal.pl\/#\/schema\/logo\/image\/"},"sameAs":["https:\/\/www.linkedin.com\/company\/giplegal"]}]}},"_links":{"self":[{"href":"https:\/\/www.giplegal.pl\/en\/wp-json\/wp\/v2\/pages\/6201\/"}],"collection":[{"href":"https:\/\/www.giplegal.pl\/en\/wp-json\/wp\/v2\/pages\/"}],"about":[{"href":"https:\/\/www.giplegal.pl\/en\/wp-json\/wp\/v2\/types\/page\/"}],"author":[{"embeddable":true,"href":"https:\/\/www.giplegal.pl\/en\/wp-json\/wp\/v2\/users\/1\/"}],"replies":[{"embeddable":true,"href":"https:\/\/www.giplegal.pl\/en\/wp-json\/wp\/v2\/comments\/?post=6201"}],"version-history":[{"count":7,"href":"https:\/\/www.giplegal.pl\/en\/wp-json\/wp\/v2\/pages\/6201\/revisions\/"}],"predecessor-version":[{"id":7580,"href":"https:\/\/www.giplegal.pl\/en\/wp-json\/wp\/v2\/pages\/6201\/revisions\/7580\/"}],"wp:attachment":[{"href":"https:\/\/www.giplegal.pl\/en\/wp-json\/wp\/v2\/media\/?parent=6201"}],"curies":[{"name":"wp","href":"https:\/\/api.w.org\/{rel}","templated":true}]}}